{"id":938,"date":"2025-10-10T07:24:42","date_gmt":"2025-10-10T05:24:42","guid":{"rendered":"https:\/\/celinecamilleri.art\/?page_id=938"},"modified":"2025-10-10T07:28:57","modified_gmt":"2025-10-10T05:28:57","slug":"ola-de-verano","status":"publish","type":"page","link":"https:\/\/celinecamilleri.art\/en\/ola-de-verano\/","title":{"rendered":"Ola de Verano"},"content":{"rendered":"<div data-elementor-type=\"wp-page\" data-elementor-id=\"938\" class=\"elementor elementor-938\">\n\t\t\t\t<div class=\"elementor-element elementor-element-e1c5aa4 e-flex e-con-boxed e-con e-parent\" data-id=\"e1c5aa4\" data-element_type=\"container\" data-e-type=\"container\">\n\t\t\t\t\t<div class=\"e-con-inner\">\n\t\t<div class=\"elementor-element elementor-element-40ab803 e-con-full e-flex e-con e-child\" data-id=\"40ab803\" data-element_type=\"container\" data-e-type=\"container\">\n\t\t\t\t<div class=\"elementor-element elementor-element-dbe71e9 elementor-widget elementor-widget-heading\" data-id=\"dbe71e9\" data-element_type=\"widget\" data-e-type=\"widget\" data-widget_type=\"heading.default\">\n\t\t\t\t<div class=\"elementor-widget-container\">\n\t\t\t\t\t<h1 class=\"elementor-heading-title elementor-size-default\">OLA DE VERANO<\/h1>\t\t\t\t<\/div>\n\t\t\t\t<\/div>\n\t\t\t\t<div class=\"elementor-element elementor-element-5ac5a89 elementor-widget elementor-widget-text-editor\" data-id=\"5ac5a89\" data-element_type=\"widget\" data-e-type=\"widget\" data-widget_type=\"text-editor.default\">\n\t\t\t\t<div class=\"elementor-widget-container\">\n\t\t\t\t\t\t\t\t\t<p>Dans la dentelle noire mate, s\u2019immiscent les raies de lumi\u00e8re-laiton. Strates et courants s\u2019effleurent et affleurent. Un souffle \u00e9tire, tord et d\u00e9fait les motifs, qui s\u2019\u00e9lancent en courbes libres. Un bas-relief mural o\u00f9 l\u2019\u00e9quilibre r\u00e9side dans la beaut\u00e9 d\u2019un dessin tenu et son \u00e9chapp\u00e9e.<\/p>\t\t\t\t\t\t\t\t<\/div>\n\t\t\t\t<\/div>\n\t\t\t\t<\/div>\n\t\t\t\t\t<\/div>\n\t\t\t\t<\/div>\n\t\t<div class=\"elementor-element elementor-element-66a1acc e-flex e-con-boxed e-con e-parent\" data-id=\"66a1acc\" data-element_type=\"container\" data-e-type=\"container\">\n\t\t\t\t\t<div class=\"e-con-inner\">\n\t\t<div class=\"elementor-element elementor-element-c5eaf1f e-con-full e-flex e-con e-child\" data-id=\"c5eaf1f\" data-element_type=\"container\" data-e-type=\"container\" data-settings=\"{&quot;background_background&quot;:&quot;classic&quot;}\">\n\t\t\t\t<div class=\"elementor-element elementor-element-6bc4b0b elementor-widget elementor-widget-text-editor\" data-id=\"6bc4b0b\" data-element_type=\"widget\" data-e-type=\"widget\" data-widget_type=\"text-editor.default\">\n\t\t\t\t<div class=\"elementor-widget-container\">\n\t\t\t\t\t\t\t\t\t<p><strong>Ola de Verano, <br \/>Septembre 2025<br \/>Exposition LUX NATURAE \/ Carretta, A Gallery Project, <br \/>Paris, rue du temple.<\/strong><\/p><p>100 x 150 x 50 cm, fil de laine noire du velay guip\u00e9 sur m\u00e9tal, fil laiton.<\/p><p>\u00a9 kgsfrench.photo<\/p>\t\t\t\t\t\t\t\t<\/div>\n\t\t\t\t<\/div>\n\t\t\t\t<div class=\"elementor-element elementor-element-702462e elementor-widget elementor-widget-image\" data-id=\"702462e\" data-element_type=\"widget\" data-e-type=\"widget\" data-widget_type=\"image.default\">\n\t\t\t\t<div class=\"elementor-widget-container\">\n\t\t\t\t\t\t\t\t\t\t\t\t\t\t\t<img fetchpriority=\"high\" decoding=\"async\" width=\"1280\" height=\"850\" src=\"https:\/\/celinecamilleri.art\/wp-content\/uploads\/1-ola.jpg\" class=\"attachment-1536x1536 size-1536x1536 wp-image-943\" alt=\"\" srcset=\"https:\/\/celinecamilleri.art\/wp-content\/uploads\/1-ola.jpg 1280w, https:\/\/celinecamilleri.art\/wp-content\/uploads\/1-ola-300x199.jpg 300w, https:\/\/celinecamilleri.art\/wp-content\/uploads\/1-ola-1024x680.jpg 1024w, https:\/\/celinecamilleri.art\/wp-content\/uploads\/1-ola-768x510.jpg 768w, https:\/\/celinecamilleri.art\/wp-content\/uploads\/1-ola-18x12.jpg 18w\" sizes=\"(max-width: 1280px) 100vw, 1280px\" \/>\t\t\t\t\t\t\t\t\t\t\t\t\t\t\t<\/div>\n\t\t\t\t<\/div>\n\t\t\t\t<\/div>\n\t\t<div class=\"elementor-element elementor-element-d051b83 e-con-full e-flex e-con e-child\" data-id=\"d051b83\" data-element_type=\"container\" data-e-type=\"container\" data-settings=\"{&quot;background_background&quot;:&quot;classic&quot;}\">\n\t\t\t\t<div class=\"elementor-element elementor-element-6b3b90a elementor-widget elementor-widget-image\" data-id=\"6b3b90a\" data-element_type=\"widget\" data-e-type=\"widget\" data-widget_type=\"image.default\">\n\t\t\t\t<div class=\"elementor-widget-container\">\n\t\t\t\t\t\t\t\t\t\t\t\t\t\t\t<img decoding=\"async\" width=\"1068\" height=\"1280\" src=\"https:\/\/celinecamilleri.art\/wp-content\/uploads\/2-ola.jpg\" class=\"attachment-1536x1536 size-1536x1536 wp-image-944\" alt=\"\" srcset=\"https:\/\/celinecamilleri.art\/wp-content\/uploads\/2-ola.jpg 1068w, https:\/\/celinecamilleri.art\/wp-content\/uploads\/2-ola-250x300.jpg 250w, https:\/\/celinecamilleri.art\/wp-content\/uploads\/2-ola-854x1024.jpg 854w, https:\/\/celinecamilleri.art\/wp-content\/uploads\/2-ola-768x920.jpg 768w, https:\/\/celinecamilleri.art\/wp-content\/uploads\/2-ola-10x12.jpg 10w\" sizes=\"(max-width: 1068px) 100vw, 1068px\" \/>\t\t\t\t\t\t\t\t\t\t\t\t\t\t\t<\/div>\n\t\t\t\t<\/div>\n\t\t\t\t<\/div>\n\t\t<div class=\"elementor-element elementor-element-51a4256 e-con-full e-flex e-con e-child\" data-id=\"51a4256\" data-element_type=\"container\" data-e-type=\"container\" data-settings=\"{&quot;background_background&quot;:&quot;classic&quot;}\">\n\t\t\t\t<div class=\"elementor-element elementor-element-cbc8402 elementor-widget elementor-widget-image\" data-id=\"cbc8402\" data-element_type=\"widget\" data-e-type=\"widget\" data-widget_type=\"image.default\">\n\t\t\t\t<div class=\"elementor-widget-container\">\n\t\t\t\t\t\t\t\t\t\t\t\t\t\t\t<img decoding=\"async\" width=\"1280\" height=\"855\" src=\"https:\/\/celinecamilleri.art\/wp-content\/uploads\/3-ola.jpg\" class=\"attachment-1536x1536 size-1536x1536 wp-image-945\" alt=\"\" srcset=\"https:\/\/celinecamilleri.art\/wp-content\/uploads\/3-ola.jpg 1280w, https:\/\/celinecamilleri.art\/wp-content\/uploads\/3-ola-300x200.jpg 300w, https:\/\/celinecamilleri.art\/wp-content\/uploads\/3-ola-1024x684.jpg 1024w, https:\/\/celinecamilleri.art\/wp-content\/uploads\/3-ola-768x513.jpg 768w, https:\/\/celinecamilleri.art\/wp-content\/uploads\/3-ola-18x12.jpg 18w\" sizes=\"(max-width: 1280px) 100vw, 1280px\" \/>\t\t\t\t\t\t\t\t\t\t\t\t\t\t\t<\/div>\n\t\t\t\t<\/div>\n\t\t\t\t<\/div>\n\t\t<div class=\"elementor-element elementor-element-53a7088 e-con-full e-flex e-con e-child\" data-id=\"53a7088\" data-element_type=\"container\" data-e-type=\"container\" data-settings=\"{&quot;background_background&quot;:&quot;classic&quot;}\">\n\t\t\t\t<div class=\"elementor-element elementor-element-b4bd64c elementor-widget elementor-widget-image\" data-id=\"b4bd64c\" data-element_type=\"widget\" data-e-type=\"widget\" data-widget_type=\"image.default\">\n\t\t\t\t<div class=\"elementor-widget-container\">\n\t\t\t\t\t\t\t\t\t\t\t\t\t\t\t<img loading=\"lazy\" decoding=\"async\" width=\"1280\" height=\"850\" src=\"https:\/\/celinecamilleri.art\/wp-content\/uploads\/4-ola.jpg\" class=\"attachment-1536x1536 size-1536x1536 wp-image-946\" alt=\"\" srcset=\"https:\/\/celinecamilleri.art\/wp-content\/uploads\/4-ola.jpg 1280w, https:\/\/celinecamilleri.art\/wp-content\/uploads\/4-ola-300x199.jpg 300w, https:\/\/celinecamilleri.art\/wp-content\/uploads\/4-ola-1024x680.jpg 1024w, https:\/\/celinecamilleri.art\/wp-content\/uploads\/4-ola-768x510.jpg 768w, https:\/\/celinecamilleri.art\/wp-content\/uploads\/4-ola-18x12.jpg 18w\" sizes=\"(max-width: 1280px) 100vw, 1280px\" \/>\t\t\t\t\t\t\t\t\t\t\t\t\t\t\t<\/div>\n\t\t\t\t<\/div>\n\t\t\t\t<\/div>\n\t\t<div class=\"elementor-element elementor-element-006c553 e-con-full e-flex e-con e-child\" data-id=\"006c553\" data-element_type=\"container\" data-e-type=\"container\" data-settings=\"{&quot;background_background&quot;:&quot;classic&quot;}\">\n\t\t\t\t<div class=\"elementor-element elementor-element-974bb56 elementor-widget elementor-widget-image\" data-id=\"974bb56\" data-element_type=\"widget\" data-e-type=\"widget\" data-widget_type=\"image.default\">\n\t\t\t\t<div class=\"elementor-widget-container\">\n\t\t\t\t\t\t\t\t\t\t\t\t\t\t\t<img loading=\"lazy\" decoding=\"async\" width=\"1280\" height=\"850\" src=\"https:\/\/celinecamilleri.art\/wp-content\/uploads\/6-ola.jpg\" class=\"attachment-1536x1536 size-1536x1536 wp-image-947\" alt=\"\" srcset=\"https:\/\/celinecamilleri.art\/wp-content\/uploads\/6-ola.jpg 1280w, https:\/\/celinecamilleri.art\/wp-content\/uploads\/6-ola-300x199.jpg 300w, https:\/\/celinecamilleri.art\/wp-content\/uploads\/6-ola-1024x680.jpg 1024w, https:\/\/celinecamilleri.art\/wp-content\/uploads\/6-ola-768x510.jpg 768w, https:\/\/celinecamilleri.art\/wp-content\/uploads\/6-ola-18x12.jpg 18w\" sizes=\"(max-width: 1280px) 100vw, 1280px\" \/>\t\t\t\t\t\t\t\t\t\t\t\t\t\t\t<\/div>\n\t\t\t\t<\/div>\n\t\t\t\t<\/div>\n\t\t<div class=\"elementor-element elementor-element-8fd9988 e-con-full e-flex e-con e-child\" data-id=\"8fd9988\" data-element_type=\"container\" data-e-type=\"container\" data-settings=\"{&quot;background_background&quot;:&quot;classic&quot;}\">\n\t\t\t\t<div class=\"elementor-element elementor-element-9e1f657 elementor-widget elementor-widget-image\" data-id=\"9e1f657\" data-element_type=\"widget\" data-e-type=\"widget\" data-widget_type=\"image.default\">\n\t\t\t\t<div class=\"elementor-widget-container\">\n\t\t\t\t\t\t\t\t\t\t\t\t\t\t\t<img loading=\"lazy\" decoding=\"async\" width=\"1280\" height=\"850\" src=\"https:\/\/celinecamilleri.art\/wp-content\/uploads\/7-ola.jpg\" class=\"attachment-1536x1536 size-1536x1536 wp-image-948\" alt=\"\" srcset=\"https:\/\/celinecamilleri.art\/wp-content\/uploads\/7-ola.jpg 1280w, https:\/\/celinecamilleri.art\/wp-content\/uploads\/7-ola-300x199.jpg 300w, https:\/\/celinecamilleri.art\/wp-content\/uploads\/7-ola-1024x680.jpg 1024w, https:\/\/celinecamilleri.art\/wp-content\/uploads\/7-ola-768x510.jpg 768w, https:\/\/celinecamilleri.art\/wp-content\/uploads\/7-ola-18x12.jpg 18w\" sizes=\"(max-width: 1280px) 100vw, 1280px\" \/>\t\t\t\t\t\t\t\t\t\t\t\t\t\t\t<\/div>\n\t\t\t\t<\/div>\n\t\t\t\t<\/div>\n\t\t\t\t\t<\/div>\n\t\t\t\t<\/div>\n\t\t\t\t<\/div>","protected":false},"excerpt":{"rendered":"<p>OLA DE VERANO Dans la dentelle noire mate, s\u2019immiscent les raies de lumi\u00e8re-laiton. Strates et courants s\u2019effleurent et affleurent. Un souffle \u00e9tire, tord et d\u00e9fait les motifs, qui s\u2019\u00e9lancent en courbes libres. Un bas-relief mural o\u00f9 l\u2019\u00e9quilibre r\u00e9side dans la beaut\u00e9 d\u2019un dessin tenu et son \u00e9chapp\u00e9e. Ola de Verano, Septembre 2025Exposition LUX NATURAE \/ [&hellip;]<\/p>\n","protected":false},"author":2,"featured_media":0,"parent":0,"menu_order":0,"comment_status":"closed","ping_status":"closed","template":"","meta":{"footnotes":""},"class_list":["post-938","page","type-page","status-publish","hentry"],"_links":{"self":[{"href":"https:\/\/celinecamilleri.art\/en\/wp-json\/wp\/v2\/pages\/938","targetHints":{"allow":["GET"]}}],"collection":[{"href":"https:\/\/celinecamilleri.art\/en\/wp-json\/wp\/v2\/pages"}],"about":[{"href":"https:\/\/celinecamilleri.art\/en\/wp-json\/wp\/v2\/types\/page"}],"author":[{"embeddable":true,"href":"https:\/\/celinecamilleri.art\/en\/wp-json\/wp\/v2\/users\/2"}],"replies":[{"embeddable":true,"href":"https:\/\/celinecamilleri.art\/en\/wp-json\/wp\/v2\/comments?post=938"}],"version-history":[{"count":7,"href":"https:\/\/celinecamilleri.art\/en\/wp-json\/wp\/v2\/pages\/938\/revisions"}],"predecessor-version":[{"id":951,"href":"https:\/\/celinecamilleri.art\/en\/wp-json\/wp\/v2\/pages\/938\/revisions\/951"}],"wp:attachment":[{"href":"https:\/\/celinecamilleri.art\/en\/wp-json\/wp\/v2\/media?parent=938"}],"curies":[{"name":"wp","href":"https:\/\/api.w.org\/{rel}","templated":true}]}}