{"id":917,"date":"2025-06-11T07:55:43","date_gmt":"2025-06-11T05:55:43","guid":{"rendered":"https:\/\/celinecamilleri.art\/?page_id=917"},"modified":"2025-06-11T07:55:47","modified_gmt":"2025-06-11T05:55:47","slug":"vase-du-velay","status":"publish","type":"page","link":"https:\/\/celinecamilleri.art\/en\/vase-du-velay\/","title":{"rendered":"Vase du Velay"},"content":{"rendered":"<div data-elementor-type=\"wp-page\" data-elementor-id=\"917\" class=\"elementor elementor-917\">\n\t\t\t\t<div class=\"elementor-element elementor-element-e1c5aa4 e-flex e-con-boxed e-con e-parent\" data-id=\"e1c5aa4\" data-element_type=\"container\" data-e-type=\"container\">\n\t\t\t\t\t<div class=\"e-con-inner\">\n\t\t<div class=\"elementor-element elementor-element-40ab803 e-con-full e-flex e-con e-child\" data-id=\"40ab803\" data-element_type=\"container\" data-e-type=\"container\">\n\t\t\t\t<div class=\"elementor-element elementor-element-dbe71e9 elementor-widget elementor-widget-heading\" data-id=\"dbe71e9\" data-element_type=\"widget\" data-e-type=\"widget\" data-widget_type=\"heading.default\">\n\t\t\t\t<div class=\"elementor-widget-container\">\n\t\t\t\t\t<h1 class=\"elementor-heading-title elementor-size-default\">VASE DU VELAY<\/h1>\t\t\t\t<\/div>\n\t\t\t\t<\/div>\n\t\t\t\t<div class=\"elementor-element elementor-element-5ac5a89 elementor-widget elementor-widget-text-editor\" data-id=\"5ac5a89\" data-element_type=\"widget\" data-e-type=\"widget\" data-widget_type=\"text-editor.default\">\n\t\t\t\t<div class=\"elementor-widget-container\">\n\t\t\t\t\t\t\t\t\t<p>Avec le sujet du vase, de l\u2019amphore, l\u2019artiste sugg\u00e8re un tr\u00e9sor enseveli, enfoui. Cette m\u00e9taphore r\u00e9v\u00e8le une curiosit\u00e9 pour des patrimoines m\u00e9connus du territoire de Haute Loire (centre de la France):<br \/>&#8211; une mati\u00e8re noble, la Noire du Velay, laine naturellement brune,<br \/>&#8211; une technique ancestrale: libre interpr\u00e9tation des tresses et dentelles pratiqu\u00e9es \u00e0 l\u2019H\u00f4tel de la Dentelle de Brioude (43100).<\/p>\t\t\t\t\t\t\t\t<\/div>\n\t\t\t\t<\/div>\n\t\t\t\t<\/div>\n\t\t\t\t\t<\/div>\n\t\t\t\t<\/div>\n\t\t<div class=\"elementor-element elementor-element-66a1acc e-flex e-con-boxed e-con e-parent\" data-id=\"66a1acc\" data-element_type=\"container\" data-e-type=\"container\">\n\t\t\t\t\t<div class=\"e-con-inner\">\n\t\t<div class=\"elementor-element elementor-element-c5eaf1f e-con-full e-flex e-con e-child\" data-id=\"c5eaf1f\" data-element_type=\"container\" data-e-type=\"container\" data-settings=\"{&quot;background_background&quot;:&quot;classic&quot;}\">\n\t\t\t\t<div class=\"elementor-element elementor-element-6bc4b0b elementor-widget elementor-widget-text-editor\" data-id=\"6bc4b0b\" data-element_type=\"widget\" data-e-type=\"widget\" data-widget_type=\"text-editor.default\">\n\t\t\t\t<div class=\"elementor-widget-container\">\n\t\t\t\t\t\t\t\t\t<p><strong>Vase du Velay, <br \/>Mai 2025,<br \/>Biennale R\u00e9v\u00e9lations, Grand Palais, Paris.<br \/><\/strong><\/p><p>35 x 100 x 10 cm, fil de laine, fil de m\u00e9tal, fil de laiton, feuille de laiton.<\/p>\t\t\t\t\t\t\t\t<\/div>\n\t\t\t\t<\/div>\n\t\t\t\t<div class=\"elementor-element elementor-element-702462e elementor-widget elementor-widget-image\" data-id=\"702462e\" data-element_type=\"widget\" data-e-type=\"widget\" data-widget_type=\"image.default\">\n\t\t\t\t<div class=\"elementor-widget-container\">\n\t\t\t\t\t\t\t\t\t\t\t\t\t\t\t<img fetchpriority=\"high\" decoding=\"async\" width=\"1024\" height=\"1280\" src=\"https:\/\/celinecamilleri.art\/wp-content\/uploads\/vase-du-velay-entier.jpg\" class=\"attachment-1536x1536 size-1536x1536 wp-image-921\" alt=\"\" srcset=\"https:\/\/celinecamilleri.art\/wp-content\/uploads\/vase-du-velay-entier.jpg 1024w, https:\/\/celinecamilleri.art\/wp-content\/uploads\/vase-du-velay-entier-240x300.jpg 240w, https:\/\/celinecamilleri.art\/wp-content\/uploads\/vase-du-velay-entier-819x1024.jpg 819w, https:\/\/celinecamilleri.art\/wp-content\/uploads\/vase-du-velay-entier-768x960.jpg 768w, https:\/\/celinecamilleri.art\/wp-content\/uploads\/vase-du-velay-entier-10x12.jpg 10w\" sizes=\"(max-width: 1024px) 100vw, 1024px\" \/>\t\t\t\t\t\t\t\t\t\t\t\t\t\t\t<\/div>\n\t\t\t\t<\/div>\n\t\t\t\t<\/div>\n\t\t<div class=\"elementor-element elementor-element-d051b83 e-con-full e-flex e-con e-child\" data-id=\"d051b83\" data-element_type=\"container\" data-e-type=\"container\" data-settings=\"{&quot;background_background&quot;:&quot;classic&quot;}\">\n\t\t\t\t<div class=\"elementor-element elementor-element-6b3b90a elementor-widget elementor-widget-image\" data-id=\"6b3b90a\" data-element_type=\"widget\" data-e-type=\"widget\" data-widget_type=\"image.default\">\n\t\t\t\t<div class=\"elementor-widget-container\">\n\t\t\t\t\t\t\t\t\t\t\t\t\t\t\t<img decoding=\"async\" width=\"1024\" height=\"1280\" src=\"https:\/\/celinecamilleri.art\/wp-content\/uploads\/vase-detail-feuilles.jpg\" class=\"attachment-1536x1536 size-1536x1536 wp-image-919\" alt=\"\" srcset=\"https:\/\/celinecamilleri.art\/wp-content\/uploads\/vase-detail-feuilles.jpg 1024w, https:\/\/celinecamilleri.art\/wp-content\/uploads\/vase-detail-feuilles-240x300.jpg 240w, https:\/\/celinecamilleri.art\/wp-content\/uploads\/vase-detail-feuilles-819x1024.jpg 819w, https:\/\/celinecamilleri.art\/wp-content\/uploads\/vase-detail-feuilles-768x960.jpg 768w, https:\/\/celinecamilleri.art\/wp-content\/uploads\/vase-detail-feuilles-10x12.jpg 10w\" sizes=\"(max-width: 1024px) 100vw, 1024px\" \/>\t\t\t\t\t\t\t\t\t\t\t\t\t\t\t<\/div>\n\t\t\t\t<\/div>\n\t\t\t\t<\/div>\n\t\t<div class=\"elementor-element elementor-element-c8df957 e-con-full e-flex e-con e-child\" data-id=\"c8df957\" data-element_type=\"container\" data-e-type=\"container\" data-settings=\"{&quot;background_background&quot;:&quot;classic&quot;}\">\n\t\t\t\t<div class=\"elementor-element elementor-element-60ebb89 elementor-widget elementor-widget-image\" data-id=\"60ebb89\" data-element_type=\"widget\" data-e-type=\"widget\" data-widget_type=\"image.default\">\n\t\t\t\t<div class=\"elementor-widget-container\">\n\t\t\t\t\t\t\t\t\t\t\t\t\t\t\t<img decoding=\"async\" width=\"1024\" height=\"1280\" src=\"https:\/\/celinecamilleri.art\/wp-content\/uploads\/vase-profil.jpg\" class=\"attachment-1536x1536 size-1536x1536 wp-image-923\" alt=\"\" srcset=\"https:\/\/celinecamilleri.art\/wp-content\/uploads\/vase-profil.jpg 1024w, https:\/\/celinecamilleri.art\/wp-content\/uploads\/vase-profil-240x300.jpg 240w, https:\/\/celinecamilleri.art\/wp-content\/uploads\/vase-profil-819x1024.jpg 819w, https:\/\/celinecamilleri.art\/wp-content\/uploads\/vase-profil-768x960.jpg 768w, https:\/\/celinecamilleri.art\/wp-content\/uploads\/vase-profil-10x12.jpg 10w\" sizes=\"(max-width: 1024px) 100vw, 1024px\" \/>\t\t\t\t\t\t\t\t\t\t\t\t\t\t\t<\/div>\n\t\t\t\t<\/div>\n\t\t\t\t<\/div>\n\t\t<div class=\"elementor-element elementor-element-e687473 e-con-full e-flex e-con e-child\" data-id=\"e687473\" data-element_type=\"container\" data-e-type=\"container\" data-settings=\"{&quot;background_background&quot;:&quot;classic&quot;}\">\n\t\t\t\t<div class=\"elementor-element elementor-element-a687f2c elementor-widget elementor-widget-image\" data-id=\"a687f2c\" data-element_type=\"widget\" data-e-type=\"widget\" data-widget_type=\"image.default\">\n\t\t\t\t<div class=\"elementor-widget-container\">\n\t\t\t\t\t\t\t\t\t\t\t\t\t\t\t<img loading=\"lazy\" decoding=\"async\" width=\"1024\" height=\"1280\" src=\"https:\/\/celinecamilleri.art\/wp-content\/uploads\/vase-haut.jpg\" class=\"attachment-1536x1536 size-1536x1536 wp-image-922\" alt=\"\" srcset=\"https:\/\/celinecamilleri.art\/wp-content\/uploads\/vase-haut.jpg 1024w, https:\/\/celinecamilleri.art\/wp-content\/uploads\/vase-haut-240x300.jpg 240w, https:\/\/celinecamilleri.art\/wp-content\/uploads\/vase-haut-819x1024.jpg 819w, https:\/\/celinecamilleri.art\/wp-content\/uploads\/vase-haut-768x960.jpg 768w, https:\/\/celinecamilleri.art\/wp-content\/uploads\/vase-haut-10x12.jpg 10w\" sizes=\"(max-width: 1024px) 100vw, 1024px\" \/>\t\t\t\t\t\t\t\t\t\t\t\t\t\t\t<\/div>\n\t\t\t\t<\/div>\n\t\t\t\t<\/div>\n\t\t<div class=\"elementor-element elementor-element-1030678 e-con-full e-flex e-con e-child\" data-id=\"1030678\" data-element_type=\"container\" data-e-type=\"container\" data-settings=\"{&quot;background_background&quot;:&quot;classic&quot;}\">\n\t\t\t\t<\/div>\n\t\t\t\t\t<\/div>\n\t\t\t\t<\/div>\n\t\t\t\t<\/div>","protected":false},"excerpt":{"rendered":"<p>VASE DU VELAY Avec le sujet du vase, de l\u2019amphore, l\u2019artiste sugg\u00e8re un tr\u00e9sor enseveli, enfoui. Cette m\u00e9taphore r\u00e9v\u00e8le une curiosit\u00e9 pour des patrimoines m\u00e9connus du territoire de Haute Loire (centre de la France):&#8211; une mati\u00e8re noble, la Noire du Velay, laine naturellement brune,&#8211; une technique ancestrale: libre interpr\u00e9tation des tresses et dentelles pratiqu\u00e9es \u00e0 [&hellip;]<\/p>\n","protected":false},"author":2,"featured_media":0,"parent":0,"menu_order":0,"comment_status":"closed","ping_status":"closed","template":"","meta":{"footnotes":""},"class_list":["post-917","page","type-page","status-publish","hentry"],"_links":{"self":[{"href":"https:\/\/celinecamilleri.art\/en\/wp-json\/wp\/v2\/pages\/917","targetHints":{"allow":["GET"]}}],"collection":[{"href":"https:\/\/celinecamilleri.art\/en\/wp-json\/wp\/v2\/pages"}],"about":[{"href":"https:\/\/celinecamilleri.art\/en\/wp-json\/wp\/v2\/types\/page"}],"author":[{"embeddable":true,"href":"https:\/\/celinecamilleri.art\/en\/wp-json\/wp\/v2\/users\/2"}],"replies":[{"embeddable":true,"href":"https:\/\/celinecamilleri.art\/en\/wp-json\/wp\/v2\/comments?post=917"}],"version-history":[{"count":7,"href":"https:\/\/celinecamilleri.art\/en\/wp-json\/wp\/v2\/pages\/917\/revisions"}],"predecessor-version":[{"id":929,"href":"https:\/\/celinecamilleri.art\/en\/wp-json\/wp\/v2\/pages\/917\/revisions\/929"}],"wp:attachment":[{"href":"https:\/\/celinecamilleri.art\/en\/wp-json\/wp\/v2\/media?parent=917"}],"curies":[{"name":"wp","href":"https:\/\/api.w.org\/{rel}","templated":true}]}}