{"id":594,"date":"2025-03-11T19:20:43","date_gmt":"2025-03-11T18:20:43","guid":{"rendered":"https:\/\/celinecamilleri.art\/?page_id=594"},"modified":"2025-03-19T20:07:07","modified_gmt":"2025-03-19T19:07:07","slug":"dentelle-sculpturale-fonds-sauvages","status":"publish","type":"page","link":"https:\/\/celinecamilleri.art\/en\/dentelle-sculpturale-fonds-sauvages\/","title":{"rendered":"Dentelle sculpturale : fonds sauvages"},"content":{"rendered":"<div data-elementor-type=\"wp-page\" data-elementor-id=\"594\" class=\"elementor elementor-594\">\n\t\t\t\t<div class=\"elementor-element elementor-element-e1c5aa4 e-flex e-con-boxed e-con e-parent\" data-id=\"e1c5aa4\" data-element_type=\"container\" data-e-type=\"container\">\n\t\t\t\t\t<div class=\"e-con-inner\">\n\t\t<div class=\"elementor-element elementor-element-40ab803 e-con-full e-flex e-con e-child\" data-id=\"40ab803\" data-element_type=\"container\" data-e-type=\"container\">\n\t\t\t\t<div class=\"elementor-element elementor-element-dbe71e9 elementor-widget elementor-widget-heading\" data-id=\"dbe71e9\" data-element_type=\"widget\" data-e-type=\"widget\" data-widget_type=\"heading.default\">\n\t\t\t\t<div class=\"elementor-widget-container\">\n\t\t\t\t\t<h1 class=\"elementor-heading-title elementor-size-default\">SCULPTURAL LACE: WILD BACKGROUND<\/h1>\t\t\t\t<\/div>\n\t\t\t\t<\/div>\n\t\t\t\t<div class=\"elementor-element elementor-element-5ac5a89 elementor-widget elementor-widget-text-editor\" data-id=\"5ac5a89\" data-element_type=\"widget\" data-e-type=\"widget\" data-widget_type=\"text-editor.default\">\n\t\t\t\t<div class=\"elementor-widget-container\">\n\t\t\t\t\t\t\t\t\t<p><strong>Features<\/strong><br \/>Materials: French wool cords reinforced with metal wire, crafted in the Puy-de-D\u00f4me workshop.<br \/>- Customization: Various weaves and cord thicknesses available<br \/>- Different cord thicknesses possible<br \/>- Colors: Natural tones (\u00e9cru, gr\u00e8ge, gris, intense brown)<br \/>dyed options upon request<br \/>- Weight: Dentelle Gabarit 1 (DG1) weighs approximately 1.5kg\/m\u00b2.<br \/>- No size limits<\/p>\t\t\t\t\t\t\t\t<\/div>\n\t\t\t\t<\/div>\n\t\t\t\t<\/div>\n\t\t\t\t\t<\/div>\n\t\t\t\t<\/div>\n\t\t<div class=\"elementor-element elementor-element-66a1acc e-flex e-con-boxed e-con e-parent\" data-id=\"66a1acc\" data-element_type=\"container\" data-e-type=\"container\">\n\t\t\t\t\t<div class=\"e-con-inner\">\n\t\t<div class=\"elementor-element elementor-element-c5eaf1f e-con-full e-flex e-con e-child\" data-id=\"c5eaf1f\" data-element_type=\"container\" data-e-type=\"container\" data-settings=\"{&quot;background_background&quot;:&quot;classic&quot;}\">\n\t\t\t\t<div class=\"elementor-element elementor-element-6bc4b0b elementor-widget elementor-widget-text-editor\" data-id=\"6bc4b0b\" data-element_type=\"widget\" data-e-type=\"widget\" data-widget_type=\"text-editor.default\">\n\t\t\t\t<div class=\"elementor-widget-container\">\n\t\t\t\t\t\t\t\t\t<p><strong>Lace \u2013 wild backgrounds, various scales of cords<\/strong><\/p><p>\u00a9 Ghislain Botto<\/p>\t\t\t\t\t\t\t\t<\/div>\n\t\t\t\t<\/div>\n\t\t\t\t<div class=\"elementor-element elementor-element-702462e elementor-widget elementor-widget-image\" data-id=\"702462e\" data-element_type=\"widget\" data-e-type=\"widget\" data-widget_type=\"image.default\">\n\t\t\t\t<div class=\"elementor-widget-container\">\n\t\t\t\t\t\t\t\t\t\t\t\t\t\t\t<img fetchpriority=\"high\" decoding=\"async\" width=\"1280\" height=\"1024\" src=\"https:\/\/celinecamilleri.art\/wp-content\/uploads\/dentelle-gabarit-1-a.jpg\" class=\"attachment-1536x1536 size-1536x1536 wp-image-596\" alt=\"Dentelle - gabarit 1\" srcset=\"https:\/\/celinecamilleri.art\/wp-content\/uploads\/dentelle-gabarit-1-a.jpg 1280w, https:\/\/celinecamilleri.art\/wp-content\/uploads\/dentelle-gabarit-1-a-300x240.jpg 300w, https:\/\/celinecamilleri.art\/wp-content\/uploads\/dentelle-gabarit-1-a-1024x819.jpg 1024w, https:\/\/celinecamilleri.art\/wp-content\/uploads\/dentelle-gabarit-1-a-768x614.jpg 768w\" sizes=\"(max-width: 1280px) 100vw, 1280px\" \/>\t\t\t\t\t\t\t\t\t\t\t\t\t\t\t<\/div>\n\t\t\t\t<\/div>\n\t\t\t\t<\/div>\n\t\t<div class=\"elementor-element elementor-element-d051b83 e-con-full e-flex e-con e-child\" data-id=\"d051b83\" data-element_type=\"container\" data-e-type=\"container\" data-settings=\"{&quot;background_background&quot;:&quot;classic&quot;}\">\n\t\t\t\t<div class=\"elementor-element elementor-element-6b3b90a elementor-widget elementor-widget-image\" data-id=\"6b3b90a\" data-element_type=\"widget\" data-e-type=\"widget\" data-widget_type=\"image.default\">\n\t\t\t\t<div class=\"elementor-widget-container\">\n\t\t\t\t\t\t\t\t\t\t\t\t\t\t\t<img decoding=\"async\" width=\"1280\" height=\"1024\" src=\"https:\/\/celinecamilleri.art\/wp-content\/uploads\/dentelle-gabarit-1-b.jpg\" class=\"attachment-1536x1536 size-1536x1536 wp-image-597\" alt=\"Dentelle - gabarit 1\" srcset=\"https:\/\/celinecamilleri.art\/wp-content\/uploads\/dentelle-gabarit-1-b.jpg 1280w, https:\/\/celinecamilleri.art\/wp-content\/uploads\/dentelle-gabarit-1-b-300x240.jpg 300w, https:\/\/celinecamilleri.art\/wp-content\/uploads\/dentelle-gabarit-1-b-1024x819.jpg 1024w, https:\/\/celinecamilleri.art\/wp-content\/uploads\/dentelle-gabarit-1-b-768x614.jpg 768w\" sizes=\"(max-width: 1280px) 100vw, 1280px\" \/>\t\t\t\t\t\t\t\t\t\t\t\t\t\t\t<\/div>\n\t\t\t\t<\/div>\n\t\t\t\t<\/div>\n\t\t<div class=\"elementor-element elementor-element-0b8b171 e-con-full e-flex e-con e-child\" data-id=\"0b8b171\" data-element_type=\"container\" data-e-type=\"container\" data-settings=\"{&quot;background_background&quot;:&quot;classic&quot;}\">\n\t\t\t\t<div class=\"elementor-element elementor-element-de5f0dd elementor-widget elementor-widget-image\" data-id=\"de5f0dd\" data-element_type=\"widget\" data-e-type=\"widget\" data-widget_type=\"image.default\">\n\t\t\t\t<div class=\"elementor-widget-container\">\n\t\t\t\t\t\t\t\t\t\t\t\t\t\t\t<img decoding=\"async\" width=\"1024\" height=\"1280\" src=\"https:\/\/celinecamilleri.art\/wp-content\/uploads\/dentelle-gabarit-1-c.jpg\" class=\"attachment-1536x1536 size-1536x1536 wp-image-601\" alt=\"Dentelle - gabarit 1\" srcset=\"https:\/\/celinecamilleri.art\/wp-content\/uploads\/dentelle-gabarit-1-c.jpg 1024w, https:\/\/celinecamilleri.art\/wp-content\/uploads\/dentelle-gabarit-1-c-240x300.jpg 240w, https:\/\/celinecamilleri.art\/wp-content\/uploads\/dentelle-gabarit-1-c-819x1024.jpg 819w, https:\/\/celinecamilleri.art\/wp-content\/uploads\/dentelle-gabarit-1-c-768x960.jpg 768w\" sizes=\"(max-width: 1024px) 100vw, 1024px\" \/>\t\t\t\t\t\t\t\t\t\t\t\t\t\t\t<\/div>\n\t\t\t\t<\/div>\n\t\t\t\t<\/div>\n\t\t<div class=\"elementor-element elementor-element-9f7fed3 e-con-full e-flex e-con e-child\" data-id=\"9f7fed3\" data-element_type=\"container\" data-e-type=\"container\" data-settings=\"{&quot;background_background&quot;:&quot;classic&quot;}\">\n\t\t\t\t<div class=\"elementor-element elementor-element-b25f658 elementor-widget elementor-widget-image\" data-id=\"b25f658\" data-element_type=\"widget\" data-e-type=\"widget\" data-widget_type=\"image.default\">\n\t\t\t\t<div class=\"elementor-widget-container\">\n\t\t\t\t\t\t\t\t\t\t\t\t\t\t\t<img loading=\"lazy\" decoding=\"async\" width=\"1024\" height=\"1280\" src=\"https:\/\/celinecamilleri.art\/wp-content\/uploads\/dentelle-gabarit-1-d.jpg\" class=\"attachment-1536x1536 size-1536x1536 wp-image-605\" alt=\"Dentelle - gabarit 1\" srcset=\"https:\/\/celinecamilleri.art\/wp-content\/uploads\/dentelle-gabarit-1-d.jpg 1024w, https:\/\/celinecamilleri.art\/wp-content\/uploads\/dentelle-gabarit-1-d-240x300.jpg 240w, https:\/\/celinecamilleri.art\/wp-content\/uploads\/dentelle-gabarit-1-d-819x1024.jpg 819w, https:\/\/celinecamilleri.art\/wp-content\/uploads\/dentelle-gabarit-1-d-768x960.jpg 768w\" sizes=\"(max-width: 1024px) 100vw, 1024px\" \/>\t\t\t\t\t\t\t\t\t\t\t\t\t\t\t<\/div>\n\t\t\t\t<\/div>\n\t\t\t\t<\/div>\n\t\t<div class=\"elementor-element elementor-element-e99481c e-con-full e-flex e-con e-child\" data-id=\"e99481c\" data-element_type=\"container\" data-e-type=\"container\" data-settings=\"{&quot;background_background&quot;:&quot;classic&quot;}\">\n\t\t\t\t<div class=\"elementor-element elementor-element-bde8339 elementor-widget elementor-widget-image\" data-id=\"bde8339\" data-element_type=\"widget\" data-e-type=\"widget\" data-widget_type=\"image.default\">\n\t\t\t\t<div class=\"elementor-widget-container\">\n\t\t\t\t\t\t\t\t\t\t\t\t\t\t\t<img loading=\"lazy\" decoding=\"async\" width=\"1024\" height=\"1280\" src=\"https:\/\/celinecamilleri.art\/wp-content\/uploads\/dentelle-gabarit-1-e.jpg\" class=\"attachment-1536x1536 size-1536x1536 wp-image-609\" alt=\"Dentelle - gabarit 1\" srcset=\"https:\/\/celinecamilleri.art\/wp-content\/uploads\/dentelle-gabarit-1-e.jpg 1024w, https:\/\/celinecamilleri.art\/wp-content\/uploads\/dentelle-gabarit-1-e-240x300.jpg 240w, https:\/\/celinecamilleri.art\/wp-content\/uploads\/dentelle-gabarit-1-e-819x1024.jpg 819w, https:\/\/celinecamilleri.art\/wp-content\/uploads\/dentelle-gabarit-1-e-768x960.jpg 768w\" sizes=\"(max-width: 1024px) 100vw, 1024px\" \/>\t\t\t\t\t\t\t\t\t\t\t\t\t\t\t<\/div>\n\t\t\t\t<\/div>\n\t\t\t\t<\/div>\n\t\t<div class=\"elementor-element elementor-element-3027419 e-con-full e-flex e-con e-child\" data-id=\"3027419\" data-element_type=\"container\" data-e-type=\"container\" data-settings=\"{&quot;background_background&quot;:&quot;classic&quot;}\">\n\t\t\t\t<div class=\"elementor-element elementor-element-10e0894 elementor-widget elementor-widget-image\" data-id=\"10e0894\" data-element_type=\"widget\" data-e-type=\"widget\" data-widget_type=\"image.default\">\n\t\t\t\t<div class=\"elementor-widget-container\">\n\t\t\t\t\t\t\t\t\t\t\t\t\t\t\t<img loading=\"lazy\" decoding=\"async\" width=\"1280\" height=\"1024\" src=\"https:\/\/celinecamilleri.art\/wp-content\/uploads\/dentelle-gabarit-1-f.jpg\" class=\"attachment-1536x1536 size-1536x1536 wp-image-613\" alt=\"Dentelle - gabarit 1\" srcset=\"https:\/\/celinecamilleri.art\/wp-content\/uploads\/dentelle-gabarit-1-f.jpg 1280w, https:\/\/celinecamilleri.art\/wp-content\/uploads\/dentelle-gabarit-1-f-300x240.jpg 300w, https:\/\/celinecamilleri.art\/wp-content\/uploads\/dentelle-gabarit-1-f-1024x819.jpg 1024w, https:\/\/celinecamilleri.art\/wp-content\/uploads\/dentelle-gabarit-1-f-768x614.jpg 768w\" sizes=\"(max-width: 1280px) 100vw, 1280px\" \/>\t\t\t\t\t\t\t\t\t\t\t\t\t\t\t<\/div>\n\t\t\t\t<\/div>\n\t\t\t\t<\/div>\n\t\t<div class=\"elementor-element elementor-element-f0b2e27 e-con-full e-flex e-con e-child\" data-id=\"f0b2e27\" data-element_type=\"container\" data-e-type=\"container\" data-settings=\"{&quot;background_background&quot;:&quot;classic&quot;}\">\n\t\t\t\t<div class=\"elementor-element elementor-element-5b15cc5 elementor-widget elementor-widget-image\" data-id=\"5b15cc5\" data-element_type=\"widget\" data-e-type=\"widget\" data-widget_type=\"image.default\">\n\t\t\t\t<div class=\"elementor-widget-container\">\n\t\t\t\t\t\t\t\t\t\t\t\t\t\t\t<img loading=\"lazy\" decoding=\"async\" width=\"1024\" height=\"1280\" src=\"https:\/\/celinecamilleri.art\/wp-content\/uploads\/dentelle-gabarit-2-c.jpg\" class=\"attachment-1536x1536 size-1536x1536 wp-image-633\" alt=\"Dentelle - gabarit 2\" srcset=\"https:\/\/celinecamilleri.art\/wp-content\/uploads\/dentelle-gabarit-2-c.jpg 1024w, https:\/\/celinecamilleri.art\/wp-content\/uploads\/dentelle-gabarit-2-c-240x300.jpg 240w, https:\/\/celinecamilleri.art\/wp-content\/uploads\/dentelle-gabarit-2-c-819x1024.jpg 819w, https:\/\/celinecamilleri.art\/wp-content\/uploads\/dentelle-gabarit-2-c-768x960.jpg 768w\" sizes=\"(max-width: 1024px) 100vw, 1024px\" \/>\t\t\t\t\t\t\t\t\t\t\t\t\t\t\t<\/div>\n\t\t\t\t<\/div>\n\t\t\t\t<\/div>\n\t\t<div class=\"elementor-element elementor-element-b1b5e01 e-con-full e-flex e-con e-child\" data-id=\"b1b5e01\" data-element_type=\"container\" data-e-type=\"container\" data-settings=\"{&quot;background_background&quot;:&quot;classic&quot;}\">\n\t\t\t\t<div class=\"elementor-element elementor-element-40fe3c8 elementor-widget elementor-widget-image\" data-id=\"40fe3c8\" data-element_type=\"widget\" data-e-type=\"widget\" data-widget_type=\"image.default\">\n\t\t\t\t<div class=\"elementor-widget-container\">\n\t\t\t\t\t\t\t\t\t\t\t\t\t\t\t<img loading=\"lazy\" decoding=\"async\" width=\"1024\" height=\"1280\" src=\"https:\/\/celinecamilleri.art\/wp-content\/uploads\/dentelle-gabarit-2-a.jpg\" class=\"attachment-1536x1536 size-1536x1536 wp-image-634\" alt=\"Dentelle - gabarit 2\" srcset=\"https:\/\/celinecamilleri.art\/wp-content\/uploads\/dentelle-gabarit-2-a.jpg 1024w, https:\/\/celinecamilleri.art\/wp-content\/uploads\/dentelle-gabarit-2-a-240x300.jpg 240w, https:\/\/celinecamilleri.art\/wp-content\/uploads\/dentelle-gabarit-2-a-819x1024.jpg 819w, https:\/\/celinecamilleri.art\/wp-content\/uploads\/dentelle-gabarit-2-a-768x960.jpg 768w\" sizes=\"(max-width: 1024px) 100vw, 1024px\" \/>\t\t\t\t\t\t\t\t\t\t\t\t\t\t\t<\/div>\n\t\t\t\t<\/div>\n\t\t\t\t<\/div>\n\t\t\t\t\t<\/div>\n\t\t\t\t<\/div>\n\t\t\t\t<\/div>","protected":false},"excerpt":{"rendered":"<p>DENTELLE SCULPTURALE : FONDS SAUVAGES Caract\u00e9ristiquesLes cordons sont fabriqu\u00e9s \u00e0 l\u2019atelier (Puy de D\u00f4me) \u00e0 partir de laines fran\u00e7aises guip\u00e9es sur fil m\u00e9tallique.&#8211; Diff\u00e9rentes tenues possibles (\u00e9paisseur du fil de m\u00e9tal).&#8211; Diff\u00e9rentes \u00e9paisseurs de cordons possibles.&#8211; Couleurs naturelles: \u00e9cru, gr\u00e8ge, gris, brun intense.&#8211; Couleurs teint\u00e9es: sur demande (suppl\u00e9ment applicable).&#8211; Poids indicatif pour Dentelle Gabarit 1 [&hellip;]<\/p>\n","protected":false},"author":1,"featured_media":0,"parent":0,"menu_order":0,"comment_status":"closed","ping_status":"closed","template":"","meta":{"footnotes":""},"class_list":["post-594","page","type-page","status-publish","hentry"],"_links":{"self":[{"href":"https:\/\/celinecamilleri.art\/en\/wp-json\/wp\/v2\/pages\/594","targetHints":{"allow":["GET"]}}],"collection":[{"href":"https:\/\/celinecamilleri.art\/en\/wp-json\/wp\/v2\/pages"}],"about":[{"href":"https:\/\/celinecamilleri.art\/en\/wp-json\/wp\/v2\/types\/page"}],"author":[{"embeddable":true,"href":"https:\/\/celinecamilleri.art\/en\/wp-json\/wp\/v2\/users\/1"}],"replies":[{"embeddable":true,"href":"https:\/\/celinecamilleri.art\/en\/wp-json\/wp\/v2\/comments?post=594"}],"version-history":[{"count":30,"href":"https:\/\/celinecamilleri.art\/en\/wp-json\/wp\/v2\/pages\/594\/revisions"}],"predecessor-version":[{"id":761,"href":"https:\/\/celinecamilleri.art\/en\/wp-json\/wp\/v2\/pages\/594\/revisions\/761"}],"wp:attachment":[{"href":"https:\/\/celinecamilleri.art\/en\/wp-json\/wp\/v2\/media?parent=594"}],"curies":[{"name":"wp","href":"https:\/\/api.w.org\/{rel}","templated":true}]}}