{"id":583,"date":"2025-03-11T19:10:42","date_gmt":"2025-03-11T18:10:42","guid":{"rendered":"https:\/\/celinecamilleri.art\/?page_id=583"},"modified":"2025-03-19T19:58:09","modified_gmt":"2025-03-19T18:58:09","slug":"entrelacs","status":"publish","type":"page","link":"https:\/\/celinecamilleri.art\/en\/entrelacs\/","title":{"rendered":"Entrelacs"},"content":{"rendered":"<div data-elementor-type=\"wp-page\" data-elementor-id=\"583\" class=\"elementor elementor-583\">\n\t\t\t\t<div class=\"elementor-element elementor-element-e1c5aa4 e-flex e-con-boxed e-con e-parent\" data-id=\"e1c5aa4\" data-element_type=\"container\" data-e-type=\"container\">\n\t\t\t\t\t<div class=\"e-con-inner\">\n\t\t<div class=\"elementor-element elementor-element-40ab803 e-con-full e-flex e-con e-child\" data-id=\"40ab803\" data-element_type=\"container\" data-e-type=\"container\">\n\t\t\t\t<div class=\"elementor-element elementor-element-dbe71e9 elementor-widget elementor-widget-heading\" data-id=\"dbe71e9\" data-element_type=\"widget\" data-e-type=\"widget\" data-widget_type=\"heading.default\">\n\t\t\t\t<div class=\"elementor-widget-container\">\n\t\t\t\t\t<h1 class=\"elementor-heading-title elementor-size-default\">ENTRELACS<\/h1>\t\t\t\t<\/div>\n\t\t\t\t<\/div>\n\t\t\t\t<div class=\"elementor-element elementor-element-5ac5a89 elementor-widget elementor-widget-text-editor\" data-id=\"5ac5a89\" data-element_type=\"widget\" data-e-type=\"widget\" data-widget_type=\"text-editor.default\">\n\t\t\t\t<div class=\"elementor-widget-container\">\n\t\t\t\t\t\t\t\t\t<p><strong>Features<\/strong><br \/>Materials: French wool cords reinforced with metal wire, crafted in the Puy-de-D\u00f4me workshop.<br \/>- Customization: Various weaves and cord thicknesses available<br \/>- Different cord thicknesses possible<br \/>- Colors: Natural tones (\u00e9cru, gr\u00e8ge, gris, intense brown)<br \/>dyed options upon request<br \/>- Weight: Dentelle Gabarit 1 (DG1) weighs approximately 1.5kg\/m\u00b2.<br \/>- No size limits<\/p>\t\t\t\t\t\t\t\t<\/div>\n\t\t\t\t<\/div>\n\t\t\t\t<\/div>\n\t\t\t\t\t<\/div>\n\t\t\t\t<\/div>\n\t\t<div class=\"elementor-element elementor-element-66a1acc e-flex e-con-boxed e-con e-parent\" data-id=\"66a1acc\" data-element_type=\"container\" data-e-type=\"container\">\n\t\t\t\t\t<div class=\"e-con-inner\">\n\t\t<div class=\"elementor-element elementor-element-c5eaf1f e-con-full e-flex e-con e-child\" data-id=\"c5eaf1f\" data-element_type=\"container\" data-e-type=\"container\" data-settings=\"{&quot;background_background&quot;:&quot;classic&quot;}\">\n\t\t\t\t<div class=\"elementor-element elementor-element-6bc4b0b elementor-widget elementor-widget-text-editor\" data-id=\"6bc4b0b\" data-element_type=\"widget\" data-e-type=\"widget\" data-widget_type=\"text-editor.default\">\n\t\t\t\t<div class=\"elementor-widget-container\">\n\t\t\t\t\t\t\t\t\t<p><strong>Entrelacs,<\/strong><\/p><p>\u00a9 Ghislain Botto<\/p>\t\t\t\t\t\t\t\t<\/div>\n\t\t\t\t<\/div>\n\t\t\t\t<div class=\"elementor-element elementor-element-702462e elementor-widget elementor-widget-image\" data-id=\"702462e\" data-element_type=\"widget\" data-e-type=\"widget\" data-widget_type=\"image.default\">\n\t\t\t\t<div class=\"elementor-widget-container\">\n\t\t\t\t\t\t\t\t\t\t\t\t\t\t\t<img fetchpriority=\"high\" decoding=\"async\" width=\"1024\" height=\"1280\" src=\"https:\/\/celinecamilleri.art\/wp-content\/uploads\/entrelacs-celine-camilleri-03.jpg\" class=\"attachment-1536x1536 size-1536x1536 wp-image-587\" alt=\"Entrelacs - C\u00e9line Camilleri\" srcset=\"https:\/\/celinecamilleri.art\/wp-content\/uploads\/entrelacs-celine-camilleri-03.jpg 1024w, https:\/\/celinecamilleri.art\/wp-content\/uploads\/entrelacs-celine-camilleri-03-240x300.jpg 240w, https:\/\/celinecamilleri.art\/wp-content\/uploads\/entrelacs-celine-camilleri-03-819x1024.jpg 819w, https:\/\/celinecamilleri.art\/wp-content\/uploads\/entrelacs-celine-camilleri-03-768x960.jpg 768w\" sizes=\"(max-width: 1024px) 100vw, 1024px\" \/>\t\t\t\t\t\t\t\t\t\t\t\t\t\t\t<\/div>\n\t\t\t\t<\/div>\n\t\t\t\t<\/div>\n\t\t<div class=\"elementor-element elementor-element-d051b83 e-con-full e-flex e-con e-child\" data-id=\"d051b83\" data-element_type=\"container\" data-e-type=\"container\" data-settings=\"{&quot;background_background&quot;:&quot;classic&quot;}\">\n\t\t\t\t<div class=\"elementor-element elementor-element-6b3b90a elementor-widget elementor-widget-image\" data-id=\"6b3b90a\" data-element_type=\"widget\" data-e-type=\"widget\" data-widget_type=\"image.default\">\n\t\t\t\t<div class=\"elementor-widget-container\">\n\t\t\t\t\t\t\t\t\t\t\t\t\t\t\t<img decoding=\"async\" width=\"1024\" height=\"1280\" src=\"https:\/\/celinecamilleri.art\/wp-content\/uploads\/entrelacs-celine-camilleri-02-1.jpg\" class=\"attachment-1536x1536 size-1536x1536 wp-image-586\" alt=\"Entrelacs - C\u00e9line Camilleri\" srcset=\"https:\/\/celinecamilleri.art\/wp-content\/uploads\/entrelacs-celine-camilleri-02-1.jpg 1024w, https:\/\/celinecamilleri.art\/wp-content\/uploads\/entrelacs-celine-camilleri-02-1-240x300.jpg 240w, https:\/\/celinecamilleri.art\/wp-content\/uploads\/entrelacs-celine-camilleri-02-1-819x1024.jpg 819w, https:\/\/celinecamilleri.art\/wp-content\/uploads\/entrelacs-celine-camilleri-02-1-768x960.jpg 768w\" sizes=\"(max-width: 1024px) 100vw, 1024px\" \/>\t\t\t\t\t\t\t\t\t\t\t\t\t\t\t<\/div>\n\t\t\t\t<\/div>\n\t\t\t\t<\/div>\n\t\t<div class=\"elementor-element elementor-element-0b8b171 e-con-full e-flex e-con e-child\" data-id=\"0b8b171\" data-element_type=\"container\" data-e-type=\"container\" data-settings=\"{&quot;background_background&quot;:&quot;classic&quot;}\">\n\t\t\t\t<div class=\"elementor-element elementor-element-de5f0dd elementor-widget elementor-widget-image\" data-id=\"de5f0dd\" data-element_type=\"widget\" data-e-type=\"widget\" data-widget_type=\"image.default\">\n\t\t\t\t<div class=\"elementor-widget-container\">\n\t\t\t\t\t\t\t\t\t\t\t\t\t\t\t<img decoding=\"async\" width=\"1280\" height=\"1024\" src=\"https:\/\/celinecamilleri.art\/wp-content\/uploads\/entrelacs-celine-camilleri-01.jpg\" class=\"attachment-1536x1536 size-1536x1536 wp-image-585\" alt=\"Entrelacs - C\u00e9line Camilleri\" srcset=\"https:\/\/celinecamilleri.art\/wp-content\/uploads\/entrelacs-celine-camilleri-01.jpg 1280w, https:\/\/celinecamilleri.art\/wp-content\/uploads\/entrelacs-celine-camilleri-01-300x240.jpg 300w, https:\/\/celinecamilleri.art\/wp-content\/uploads\/entrelacs-celine-camilleri-01-1024x819.jpg 1024w, https:\/\/celinecamilleri.art\/wp-content\/uploads\/entrelacs-celine-camilleri-01-768x614.jpg 768w\" sizes=\"(max-width: 1280px) 100vw, 1280px\" \/>\t\t\t\t\t\t\t\t\t\t\t\t\t\t\t<\/div>\n\t\t\t\t<\/div>\n\t\t\t\t<\/div>\n\t\t\t\t\t<\/div>\n\t\t\t\t<\/div>\n\t\t\t\t<\/div>","protected":false},"excerpt":{"rendered":"<p>ENTRELACS Caract\u00e9ristiquesLes cordons sont fabriqu\u00e9s \u00e0 l\u2019atelier (Puy de D\u00f4me) \u00e0 partir de laines fran\u00e7aises guip\u00e9es sur fil m\u00e9tallique.&#8211; Diff\u00e9rentes tenues possibles (\u00e9paisseur du fil de m\u00e9tal).&#8211; Diff\u00e9rentes \u00e9paisseurs de cordons possibles.&#8211; Couleurs naturelles: \u00e9cru, gr\u00e8ge, gris, brun intense.&#8211; Couleurs teint\u00e9es: sur demande (suppl\u00e9ment applicable).&#8211; Poids indicatif pour Dentelle Gabarit 1 (DG1): +\/- 1,5kg\/m2Aucune limite [&hellip;]<\/p>\n","protected":false},"author":1,"featured_media":0,"parent":0,"menu_order":0,"comment_status":"closed","ping_status":"closed","template":"","meta":{"footnotes":""},"class_list":["post-583","page","type-page","status-publish","hentry"],"_links":{"self":[{"href":"https:\/\/celinecamilleri.art\/en\/wp-json\/wp\/v2\/pages\/583","targetHints":{"allow":["GET"]}}],"collection":[{"href":"https:\/\/celinecamilleri.art\/en\/wp-json\/wp\/v2\/pages"}],"about":[{"href":"https:\/\/celinecamilleri.art\/en\/wp-json\/wp\/v2\/types\/page"}],"author":[{"embeddable":true,"href":"https:\/\/celinecamilleri.art\/en\/wp-json\/wp\/v2\/users\/1"}],"replies":[{"embeddable":true,"href":"https:\/\/celinecamilleri.art\/en\/wp-json\/wp\/v2\/comments?post=583"}],"version-history":[{"count":7,"href":"https:\/\/celinecamilleri.art\/en\/wp-json\/wp\/v2\/pages\/583\/revisions"}],"predecessor-version":[{"id":744,"href":"https:\/\/celinecamilleri.art\/en\/wp-json\/wp\/v2\/pages\/583\/revisions\/744"}],"wp:attachment":[{"href":"https:\/\/celinecamilleri.art\/en\/wp-json\/wp\/v2\/media?parent=583"}],"curies":[{"name":"wp","href":"https:\/\/api.w.org\/{rel}","templated":true}]}}