{"id":560,"date":"2025-03-11T18:58:19","date_gmt":"2025-03-11T17:58:19","guid":{"rendered":"https:\/\/celinecamilleri.art\/?page_id=560"},"modified":"2025-03-27T17:40:02","modified_gmt":"2025-03-27T16:40:02","slug":"wool-design","status":"publish","type":"page","link":"https:\/\/celinecamilleri.art\/en\/wool-design\/","title":{"rendered":"Wool Design"},"content":{"rendered":"<div data-elementor-type=\"wp-page\" data-elementor-id=\"560\" class=\"elementor elementor-560\">\n\t\t\t\t<div class=\"elementor-element elementor-element-e1c5aa4 e-flex e-con-boxed e-con e-parent\" data-id=\"e1c5aa4\" data-element_type=\"container\" data-e-type=\"container\">\n\t\t\t\t\t<div class=\"e-con-inner\">\n\t\t<div class=\"elementor-element elementor-element-855ca89 e-con-full e-flex e-con e-child\" data-id=\"855ca89\" data-element_type=\"container\" data-e-type=\"container\" data-settings=\"{&quot;background_background&quot;:&quot;classic&quot;}\">\n\t\t\t\t<\/div>\n\t\t<div class=\"elementor-element elementor-element-40ab803 e-con-full e-flex e-con e-child\" data-id=\"40ab803\" data-element_type=\"container\" data-e-type=\"container\">\n\t\t\t\t<div class=\"elementor-element elementor-element-dbe71e9 elementor-widget elementor-widget-heading\" data-id=\"dbe71e9\" data-element_type=\"widget\" data-e-type=\"widget\" data-widget_type=\"heading.default\">\n\t\t\t\t<div class=\"elementor-widget-container\">\n\t\t\t\t\t<h1 class=\"elementor-heading-title elementor-size-default\">WOOL DESIGN<\/h1>\t\t\t\t<\/div>\n\t\t\t\t<\/div>\n\t\t\t\t<div class=\"elementor-element elementor-element-9429c8c elementor-widget elementor-widget-heading\" data-id=\"9429c8c\" data-element_type=\"widget\" data-e-type=\"widget\" data-widget_type=\"heading.default\">\n\t\t\t\t<div class=\"elementor-widget-container\">\n\t\t\t\t\t<h1 class=\"elementor-heading-title elementor-size-default\">Precious wools, a source of innovation.<\/h1>\t\t\t\t<\/div>\n\t\t\t\t<\/div>\n\t\t\t\t<div class=\"elementor-element elementor-element-91175e7 elementor-widget elementor-widget-heading\" data-id=\"91175e7\" data-element_type=\"widget\" data-e-type=\"widget\" data-widget_type=\"heading.default\">\n\t\t\t\t<div class=\"elementor-widget-container\">\n\t\t\t\t\t<h3 class=\"elementor-heading-title elementor-size-default\">Sculptural lace applications.<\/h3>\t\t\t\t<\/div>\n\t\t\t\t<\/div>\n\t\t\t\t<div class=\"elementor-element elementor-element-c4cfc08 elementor-widget elementor-widget-heading\" data-id=\"c4cfc08\" data-element_type=\"widget\" data-e-type=\"widget\" data-widget_type=\"heading.default\">\n\t\t\t\t<div class=\"elementor-widget-container\">\n\t\t\t\t\t<h3 class=\"elementor-heading-title elementor-size-default\">For your design, scenography, and interior architecture projects.<\/h3>\t\t\t\t<\/div>\n\t\t\t\t<\/div>\n\t\t\t\t<div class=\"elementor-element elementor-element-5ac5a89 elementor-widget elementor-widget-text-editor\" data-id=\"5ac5a89\" data-element_type=\"widget\" data-e-type=\"widget\" data-widget_type=\"text-editor.default\">\n\t\t\t\t<div class=\"elementor-widget-container\">\n\t\t\t\t\t\t\t\t\t<p>It was C\u00e9line Camilleri\u2019s first encounter with the Noire du Velay, a sheep breed native to the Massif Central, that sparked her fascination with local wools 10 years ago. This undyed thread of deep, almost black intensity became her drawing line, anchoring her artistic practice. <br \/>Over the years, C\u00e9line has developed an expert eye and touch to discern the unique qualities of wool. While wool is often associated with softness, C\u00e9line explores its full expressive range: tufted, sinewy, shaggy, fluffy, vaporous, vibrant, matte, or lustrous. Through these infinite textures, she has cultivated a rich and plural visual language.<\/p><p>C\u00e9line sources her materials from within a small radius of her studio, selecting them either directly at the shearing stage or from spinning mills in Creuse. <br \/>The wools undergo various processes\u2014washing, carding, spinning, weaving, felting, and embroidering\u2014using both manual and mechanical techniques.\n\u201cOur textile history abounds in ancestral techniques, while our creative ambitions constantly drive us toward innovation,\u201d she says.<br \/>Each project begins with practical research to uncover new aesthetics.<\/p>\t\t\t\t\t\t\t\t<\/div>\n\t\t\t\t<\/div>\n\t\t\t\t<\/div>\n\t\t\t\t\t<\/div>\n\t\t\t\t<\/div>\n\t\t<div class=\"elementor-element elementor-element-2192399 e-flex e-con-boxed e-con e-parent\" data-id=\"2192399\" data-element_type=\"container\" data-e-type=\"container\">\n\t\t\t\t\t<div class=\"e-con-inner\">\n\t\t<div class=\"elementor-element elementor-element-734a912 e-con-full e-flex e-con e-child\" data-id=\"734a912\" data-element_type=\"container\" data-e-type=\"container\">\n\t\t\t\t<div class=\"elementor-element elementor-element-0022f2b elementor-widget elementor-widget-text-editor\" data-id=\"0022f2b\" data-element_type=\"widget\" data-e-type=\"widget\" data-widget_type=\"text-editor.default\">\n\t\t\t\t<div class=\"elementor-widget-container\">\n\t\t\t\t\t\t\t\t\t<p>In 2023, the atelier developed a woolen cord wrapped around a metal core, capable of being molded and holding its shape, introducing exciting possibilities for sculptural lace. <br \/>Haute-Loire\u2019s lace-making traditions offer a rich source of inspiration. C\u00e9line\u2019s reinterpretation of this heritage on a larger scale has resulted in the creation of XXL lace wefts. These wefts serve as space dividers or design elements, offering dynamic interplay between light and shadow.<\/p><p>C\u00e9line\u2019s reinterpretation of this heritage on a larger scale has resulted in the creation of XXL lace wefts.<\/p><p>These wefts serve as space dividers or design elements, offering dynamic interplay between light and shadow. <br \/>Available in five natural colors\u2014\u00e9cru, gr\u00e8ge, gris, intense brown\u2014and custom-dyed options, this innovative material also provides functional benefits such as moisture regulation, thermal, and acoustic comfort.<\/p><p>C\u00e9line\u2019s commitment to promoting French wool through the Lainamac association earned her atelier the Prix Parcours by the Fondation Bettencourt in 2023. This accolade highlights her innovative approach to integrating craft and contemporary art, celebrating the beauty and potential of this timeless material.<\/p>\t\t\t\t\t\t\t\t<\/div>\n\t\t\t\t<\/div>\n\t\t\t\t<\/div>\n\t\t\t\t\t<\/div>\n\t\t\t\t<\/div>\n\t\t<div class=\"elementor-element elementor-element-c7cc79e e-flex e-con-boxed e-con e-parent\" data-id=\"c7cc79e\" data-element_type=\"container\" data-e-type=\"container\">\n\t\t\t\t\t<div class=\"e-con-inner\">\n\t\t<div class=\"elementor-element elementor-element-2db929a e-con-full e-flex e-con e-child\" data-id=\"2db929a\" data-element_type=\"container\" data-e-type=\"container\">\n\t\t<a class=\"elementor-element elementor-element-6e0015e e-con-full e-transform e-flex e-con e-child\" data-id=\"6e0015e\" data-element_type=\"container\" data-e-type=\"container\" data-settings=\"{&quot;background_background&quot;:&quot;classic&quot;,&quot;_transform_scale_effect_hover&quot;:{&quot;unit&quot;:&quot;px&quot;,&quot;size&quot;:0.9,&quot;sizes&quot;:[]},&quot;_transform_scale_effect_hover_tablet&quot;:{&quot;unit&quot;:&quot;px&quot;,&quot;size&quot;:&quot;&quot;,&quot;sizes&quot;:[]},&quot;_transform_scale_effect_hover_mobile&quot;:{&quot;unit&quot;:&quot;px&quot;,&quot;size&quot;:&quot;&quot;,&quot;sizes&quot;:[]}}\" href=\"https:\/\/celinecamilleri.art\/en\/entrelacs\/\">\n\t\t\t\t<\/a>\n\t\t<a class=\"elementor-element elementor-element-bc4a359 e-con-full e-transform e-flex e-con e-child\" data-id=\"bc4a359\" data-element_type=\"container\" data-e-type=\"container\" data-settings=\"{&quot;background_background&quot;:&quot;classic&quot;,&quot;_transform_scale_effect_hover&quot;:{&quot;unit&quot;:&quot;px&quot;,&quot;size&quot;:0.9,&quot;sizes&quot;:[]},&quot;_transform_scale_effect_hover_tablet&quot;:{&quot;unit&quot;:&quot;px&quot;,&quot;size&quot;:&quot;&quot;,&quot;sizes&quot;:[]},&quot;_transform_scale_effect_hover_mobile&quot;:{&quot;unit&quot;:&quot;px&quot;,&quot;size&quot;:&quot;&quot;,&quot;sizes&quot;:[]}}\" href=\"https:\/\/celinecamilleri.art\/en\/dentelle-sculpturale-fonds-sauvages\/\">\n\t\t\t\t<\/a>\n\t\t<a class=\"elementor-element elementor-element-9c337a9 e-con-full e-transform e-flex e-con e-child\" data-id=\"9c337a9\" data-element_type=\"container\" data-e-type=\"container\" data-settings=\"{&quot;background_background&quot;:&quot;classic&quot;,&quot;_transform_scale_effect_hover&quot;:{&quot;unit&quot;:&quot;px&quot;,&quot;size&quot;:0.9,&quot;sizes&quot;:[]},&quot;_transform_scale_effect_hover_tablet&quot;:{&quot;unit&quot;:&quot;px&quot;,&quot;size&quot;:&quot;&quot;,&quot;sizes&quot;:[]},&quot;_transform_scale_effect_hover_mobile&quot;:{&quot;unit&quot;:&quot;px&quot;,&quot;size&quot;:&quot;&quot;,&quot;sizes&quot;:[]}}\" href=\"https:\/\/celinecamilleri.art\/en\/dentelle-sculpturale-fond-losange\/\">\n\t\t\t\t<\/a>\n\t\t\t\t<\/div>\n\t\t\t\t\t<\/div>\n\t\t\t\t<\/div>\n\t\t\t\t<\/div>","protected":false},"excerpt":{"rendered":"<p>WOOL DESIGN Laines pr\u00e9cieuses, une source d\u2019innovations. Dentelle sculpturale, applications. Pour vos projets Design, sc\u00e9nographie, architecture d\u2019int\u00e9rieure. Ce fut d\u2019abord la rencontre d\u2019une race ovine sp\u00e9cifique au territoire du Massif central, la Noire du Velay, qui a \u00e9veill\u00e9 la curiosit\u00e9 de C\u00e9line Camilleri il y a plus de 10 ans. Un fil au brun intense, [&hellip;]<\/p>\n","protected":false},"author":1,"featured_media":0,"parent":0,"menu_order":0,"comment_status":"closed","ping_status":"closed","template":"","meta":{"footnotes":""},"class_list":["post-560","page","type-page","status-publish","hentry"],"_links":{"self":[{"href":"https:\/\/celinecamilleri.art\/en\/wp-json\/wp\/v2\/pages\/560","targetHints":{"allow":["GET"]}}],"collection":[{"href":"https:\/\/celinecamilleri.art\/en\/wp-json\/wp\/v2\/pages"}],"about":[{"href":"https:\/\/celinecamilleri.art\/en\/wp-json\/wp\/v2\/types\/page"}],"author":[{"embeddable":true,"href":"https:\/\/celinecamilleri.art\/en\/wp-json\/wp\/v2\/users\/1"}],"replies":[{"embeddable":true,"href":"https:\/\/celinecamilleri.art\/en\/wp-json\/wp\/v2\/comments?post=560"}],"version-history":[{"count":77,"href":"https:\/\/celinecamilleri.art\/en\/wp-json\/wp\/v2\/pages\/560\/revisions"}],"predecessor-version":[{"id":898,"href":"https:\/\/celinecamilleri.art\/en\/wp-json\/wp\/v2\/pages\/560\/revisions\/898"}],"wp:attachment":[{"href":"https:\/\/celinecamilleri.art\/en\/wp-json\/wp\/v2\/media?parent=560"}],"curies":[{"name":"wp","href":"https:\/\/api.w.org\/{rel}","templated":true}]}}