{"id":506,"date":"2025-03-11T18:41:27","date_gmt":"2025-03-11T17:41:27","guid":{"rendered":"https:\/\/celinecamilleri.art\/?page_id=506"},"modified":"2025-03-27T17:55:00","modified_gmt":"2025-03-27T16:55:00","slug":"cascade","status":"publish","type":"page","link":"https:\/\/celinecamilleri.art\/en\/cascade\/","title":{"rendered":"Cascade"},"content":{"rendered":"<div data-elementor-type=\"wp-page\" data-elementor-id=\"506\" class=\"elementor elementor-506\">\n\t\t\t\t<div class=\"elementor-element elementor-element-e1c5aa4 e-flex e-con-boxed e-con e-parent\" data-id=\"e1c5aa4\" data-element_type=\"container\" data-e-type=\"container\">\n\t\t\t\t\t<div class=\"e-con-inner\">\n\t\t<div class=\"elementor-element elementor-element-40ab803 e-con-full e-flex e-con e-child\" data-id=\"40ab803\" data-element_type=\"container\" data-e-type=\"container\">\n\t\t\t\t<div class=\"elementor-element elementor-element-dbe71e9 elementor-widget elementor-widget-heading\" data-id=\"dbe71e9\" data-element_type=\"widget\" data-e-type=\"widget\" data-widget_type=\"heading.default\">\n\t\t\t\t<div class=\"elementor-widget-container\">\n\t\t\t\t\t<h1 class=\"elementor-heading-title elementor-size-default\">CASCADE<\/h1>\t\t\t\t<\/div>\n\t\t\t\t<\/div>\n\t\t\t\t<div class=\"elementor-element elementor-element-5ac5a89 elementor-widget elementor-widget-text-editor\" data-id=\"5ac5a89\" data-element_type=\"widget\" data-e-type=\"widget\" data-widget_type=\"text-editor.default\">\n\t\t\t\t<div class=\"elementor-widget-container\">\n\t\t\t\t\t\t\t\t\t<p>During this residency, C\u00e9line Camilleri explores the potential of her wool cords as a new sculptural language, capturing the essence of mountain flows such as streams and waterfalls. She embraces the challenge of embodying and freezing the continuous motion of water, creating material traces through cords that cascade over a height of 4 meters.\nThe culmination of this work will be revealed in a July 2024 exhibition, showcasing creations that blend craftsmanship and contemporary art. These pieces celebrate the fluidity and vitality of life, offering a poetic interpretation of nature\u2019s movement.<\/p>\t\t\t\t\t\t\t\t<\/div>\n\t\t\t\t<\/div>\n\t\t\t\t<\/div>\n\t\t\t\t\t<\/div>\n\t\t\t\t<\/div>\n\t\t<div class=\"elementor-element elementor-element-66a1acc e-flex e-con-boxed e-con e-parent\" data-id=\"66a1acc\" data-element_type=\"container\" data-e-type=\"container\">\n\t\t\t\t\t<div class=\"e-con-inner\">\n\t\t<div class=\"elementor-element elementor-element-c5eaf1f e-con-full e-flex e-con e-child\" data-id=\"c5eaf1f\" data-element_type=\"container\" data-e-type=\"container\" data-settings=\"{&quot;background_background&quot;:&quot;classic&quot;}\">\n\t\t\t\t<div class=\"elementor-element elementor-element-6bc4b0b elementor-widget elementor-widget-text-editor\" data-id=\"6bc4b0b\" data-element_type=\"widget\" data-e-type=\"widget\" data-widget_type=\"text-editor.default\">\n\t\t\t\t<div class=\"elementor-widget-container\">\n\t\t\t\t\t\t\t\t\t<p><strong>Cascade, <br \/>july 2024<br \/>Artistic Residency, Praz-sur-Arly, Haute-Savoie (74)<br \/><\/strong><\/p><p>400 x 120 cm, wool and metal wire<\/p>\t\t\t\t\t\t\t\t<\/div>\n\t\t\t\t<\/div>\n\t\t\t\t<div class=\"elementor-element elementor-element-702462e elementor-widget elementor-widget-image\" data-id=\"702462e\" data-element_type=\"widget\" data-e-type=\"widget\" data-widget_type=\"image.default\">\n\t\t\t\t<div class=\"elementor-widget-container\">\n\t\t\t\t\t\t\t\t\t\t\t\t\t\t\t<img fetchpriority=\"high\" decoding=\"async\" width=\"1024\" height=\"1280\" src=\"https:\/\/celinecamilleri.art\/wp-content\/uploads\/residence-artiste-pras-de-lys-celine-camilleri-01.jpg\" class=\"attachment-1536x1536 size-1536x1536 wp-image-327\" alt=\"R\u00e9sidence d&#039;artiste Pras-de-Lys - C\u00e9line Camilleri\" srcset=\"https:\/\/celinecamilleri.art\/wp-content\/uploads\/residence-artiste-pras-de-lys-celine-camilleri-01.jpg 1024w, https:\/\/celinecamilleri.art\/wp-content\/uploads\/residence-artiste-pras-de-lys-celine-camilleri-01-240x300.jpg 240w, https:\/\/celinecamilleri.art\/wp-content\/uploads\/residence-artiste-pras-de-lys-celine-camilleri-01-819x1024.jpg 819w, https:\/\/celinecamilleri.art\/wp-content\/uploads\/residence-artiste-pras-de-lys-celine-camilleri-01-768x960.jpg 768w\" sizes=\"(max-width: 1024px) 100vw, 1024px\" \/>\t\t\t\t\t\t\t\t\t\t\t\t\t\t\t<\/div>\n\t\t\t\t<\/div>\n\t\t\t\t<\/div>\n\t\t<div class=\"elementor-element elementor-element-d051b83 e-con-full e-flex e-con e-child\" data-id=\"d051b83\" data-element_type=\"container\" data-e-type=\"container\" data-settings=\"{&quot;background_background&quot;:&quot;classic&quot;}\">\n\t\t\t\t<div class=\"elementor-element elementor-element-6b3b90a elementor-widget elementor-widget-image\" data-id=\"6b3b90a\" data-element_type=\"widget\" data-e-type=\"widget\" data-widget_type=\"image.default\">\n\t\t\t\t<div class=\"elementor-widget-container\">\n\t\t\t\t\t\t\t\t\t\t\t\t\t\t\t<img decoding=\"async\" width=\"1024\" height=\"1280\" src=\"https:\/\/celinecamilleri.art\/wp-content\/uploads\/cascade-celine-camilleri.jpg\" class=\"attachment-1536x1536 size-1536x1536 wp-image-517\" alt=\"Cascade - C\u00e9line Camilleri\" srcset=\"https:\/\/celinecamilleri.art\/wp-content\/uploads\/cascade-celine-camilleri.jpg 1024w, https:\/\/celinecamilleri.art\/wp-content\/uploads\/cascade-celine-camilleri-240x300.jpg 240w, https:\/\/celinecamilleri.art\/wp-content\/uploads\/cascade-celine-camilleri-819x1024.jpg 819w, https:\/\/celinecamilleri.art\/wp-content\/uploads\/cascade-celine-camilleri-768x960.jpg 768w\" sizes=\"(max-width: 1024px) 100vw, 1024px\" \/>\t\t\t\t\t\t\t\t\t\t\t\t\t\t\t<\/div>\n\t\t\t\t<\/div>\n\t\t\t\t<\/div>\n\t\t\t\t\t<\/div>\n\t\t\t\t<\/div>\n\t\t\t\t<\/div>","protected":false},"excerpt":{"rendered":"<p>CASCADE Lors de cette r\u00e9sidence, C\u00e9line utilisera ses cordons de laine comme un nouveau langage sculptural pour transcrire les flux de la montagne, tels les ruisseaux et cascades. Elle rel\u00e8ve le d\u00e9fi de saisir et figer l&rsquo;\u00e9coulement continu par la trace mat\u00e9rielle de cordons d\u00e9ploy\u00e9s sur 4m de hauteur. L&rsquo;exposition de juillet 2024 d\u00e9voilera ces [&hellip;]<\/p>\n","protected":false},"author":1,"featured_media":0,"parent":0,"menu_order":0,"comment_status":"closed","ping_status":"closed","template":"","meta":{"footnotes":""},"class_list":["post-506","page","type-page","status-publish","hentry"],"_links":{"self":[{"href":"https:\/\/celinecamilleri.art\/en\/wp-json\/wp\/v2\/pages\/506","targetHints":{"allow":["GET"]}}],"collection":[{"href":"https:\/\/celinecamilleri.art\/en\/wp-json\/wp\/v2\/pages"}],"about":[{"href":"https:\/\/celinecamilleri.art\/en\/wp-json\/wp\/v2\/types\/page"}],"author":[{"embeddable":true,"href":"https:\/\/celinecamilleri.art\/en\/wp-json\/wp\/v2\/users\/1"}],"replies":[{"embeddable":true,"href":"https:\/\/celinecamilleri.art\/en\/wp-json\/wp\/v2\/comments?post=506"}],"version-history":[{"count":19,"href":"https:\/\/celinecamilleri.art\/en\/wp-json\/wp\/v2\/pages\/506\/revisions"}],"predecessor-version":[{"id":863,"href":"https:\/\/celinecamilleri.art\/en\/wp-json\/wp\/v2\/pages\/506\/revisions\/863"}],"wp:attachment":[{"href":"https:\/\/celinecamilleri.art\/en\/wp-json\/wp\/v2\/media?parent=506"}],"curies":[{"name":"wp","href":"https:\/\/api.w.org\/{rel}","templated":true}]}}