{"id":476,"date":"2025-03-11T18:32:52","date_gmt":"2025-03-11T17:32:52","guid":{"rendered":"https:\/\/celinecamilleri.art\/?page_id=476"},"modified":"2025-03-27T17:55:42","modified_gmt":"2025-03-27T16:55:42","slug":"cartographie","status":"publish","type":"page","link":"https:\/\/celinecamilleri.art\/en\/cartographie\/","title":{"rendered":"Cartographie"},"content":{"rendered":"<div data-elementor-type=\"wp-page\" data-elementor-id=\"476\" class=\"elementor elementor-476\">\n\t\t\t\t<div class=\"elementor-element elementor-element-e1c5aa4 e-flex e-con-boxed e-con e-parent\" data-id=\"e1c5aa4\" data-element_type=\"container\" data-e-type=\"container\">\n\t\t\t\t\t<div class=\"e-con-inner\">\n\t\t<div class=\"elementor-element elementor-element-40ab803 e-con-full e-flex e-con e-child\" data-id=\"40ab803\" data-element_type=\"container\" data-e-type=\"container\">\n\t\t\t\t<div class=\"elementor-element elementor-element-dbe71e9 elementor-widget elementor-widget-heading\" data-id=\"dbe71e9\" data-element_type=\"widget\" data-e-type=\"widget\" data-widget_type=\"heading.default\">\n\t\t\t\t<div class=\"elementor-widget-container\">\n\t\t\t\t\t<h1 class=\"elementor-heading-title elementor-size-default\">CARTOGRAPHIE<\/h1>\t\t\t\t<\/div>\n\t\t\t\t<\/div>\n\t\t\t\t<div class=\"elementor-element elementor-element-5ac5a89 elementor-widget elementor-widget-text-editor\" data-id=\"5ac5a89\" data-element_type=\"widget\" data-e-type=\"widget\" data-widget_type=\"text-editor.default\">\n\t\t\t\t<div class=\"elementor-widget-container\">\n\t\t\t\t\t\t\t\t\t<p>C\u00e9line Camilleri\u2019s Cartographie explores the concept of the \u00abmountain\u00bb as both a vast natural entity and a humanized territory. Her work captures the fleeting emotions evoked by landscapes while reflecting the enduring marks of human intervention.\nThrough intricate bas-reliefs composed of interwoven lines, C\u00e9line integrates the transformations of our environment, illustrating the rhythms of evolution\u2014from infinite slowness to sudden, abrupt shifts. The result is an expressive cartography that embodies both the transient and the timeless aspects of our connection to the natural world.<\/p>\t\t\t\t\t\t\t\t<\/div>\n\t\t\t\t<\/div>\n\t\t\t\t<\/div>\n\t\t\t\t\t<\/div>\n\t\t\t\t<\/div>\n\t\t<div class=\"elementor-element elementor-element-66a1acc e-flex e-con-boxed e-con e-parent\" data-id=\"66a1acc\" data-element_type=\"container\" data-e-type=\"container\">\n\t\t\t\t\t<div class=\"e-con-inner\">\n\t\t<div class=\"elementor-element elementor-element-c5eaf1f e-con-full e-flex e-con e-child\" data-id=\"c5eaf1f\" data-element_type=\"container\" data-e-type=\"container\" data-settings=\"{&quot;background_background&quot;:&quot;classic&quot;}\">\n\t\t\t\t<div class=\"elementor-element elementor-element-6bc4b0b elementor-widget elementor-widget-text-editor\" data-id=\"6bc4b0b\" data-element_type=\"widget\" data-e-type=\"widget\" data-widget_type=\"text-editor.default\">\n\t\t\t\t<div class=\"elementor-widget-container\">\n\t\t\t\t\t\t\t\t\t<p><strong>Cartographie, primitif weaving 2, <br \/>may 2024<br \/>Art Gallery in Florence<br \/><\/strong><\/p><p>180 x 180 cm, wool yarn and metal wire<\/p>\t\t\t\t\t\t\t\t<\/div>\n\t\t\t\t<\/div>\n\t\t\t\t<div class=\"elementor-element elementor-element-702462e elementor-widget elementor-widget-image\" data-id=\"702462e\" data-element_type=\"widget\" data-e-type=\"widget\" data-widget_type=\"image.default\">\n\t\t\t\t<div class=\"elementor-widget-container\">\n\t\t\t\t\t\t\t\t\t\t\t\t\t\t\t<img fetchpriority=\"high\" decoding=\"async\" width=\"1024\" height=\"1280\" src=\"https:\/\/celinecamilleri.art\/wp-content\/uploads\/cartographie-celine-camilleri-01.jpg\" class=\"attachment-1536x1536 size-1536x1536 wp-image-322\" alt=\"Cartographie - C\u00e9line Camilleri\" srcset=\"https:\/\/celinecamilleri.art\/wp-content\/uploads\/cartographie-celine-camilleri-01.jpg 1024w, https:\/\/celinecamilleri.art\/wp-content\/uploads\/cartographie-celine-camilleri-01-240x300.jpg 240w, https:\/\/celinecamilleri.art\/wp-content\/uploads\/cartographie-celine-camilleri-01-819x1024.jpg 819w, https:\/\/celinecamilleri.art\/wp-content\/uploads\/cartographie-celine-camilleri-01-768x960.jpg 768w\" sizes=\"(max-width: 1024px) 100vw, 1024px\" \/>\t\t\t\t\t\t\t\t\t\t\t\t\t\t\t<\/div>\n\t\t\t\t<\/div>\n\t\t\t\t<\/div>\n\t\t<div class=\"elementor-element elementor-element-d051b83 e-con-full e-flex e-con e-child\" data-id=\"d051b83\" data-element_type=\"container\" data-e-type=\"container\" data-settings=\"{&quot;background_background&quot;:&quot;classic&quot;}\">\n\t\t\t\t<div class=\"elementor-element elementor-element-6b3b90a elementor-widget elementor-widget-image\" data-id=\"6b3b90a\" data-element_type=\"widget\" data-e-type=\"widget\" data-widget_type=\"image.default\">\n\t\t\t\t<div class=\"elementor-widget-container\">\n\t\t\t\t\t\t\t\t\t\t\t\t\t\t\t<img decoding=\"async\" width=\"1024\" height=\"1280\" src=\"https:\/\/celinecamilleri.art\/wp-content\/uploads\/cartographie-celine-camilleri-02.jpg\" class=\"attachment-1536x1536 size-1536x1536 wp-image-484\" alt=\"Cartographie - C\u00e9line Camilleri\" srcset=\"https:\/\/celinecamilleri.art\/wp-content\/uploads\/cartographie-celine-camilleri-02.jpg 1024w, https:\/\/celinecamilleri.art\/wp-content\/uploads\/cartographie-celine-camilleri-02-240x300.jpg 240w, https:\/\/celinecamilleri.art\/wp-content\/uploads\/cartographie-celine-camilleri-02-819x1024.jpg 819w, https:\/\/celinecamilleri.art\/wp-content\/uploads\/cartographie-celine-camilleri-02-768x960.jpg 768w\" sizes=\"(max-width: 1024px) 100vw, 1024px\" \/>\t\t\t\t\t\t\t\t\t\t\t\t\t\t\t<\/div>\n\t\t\t\t<\/div>\n\t\t\t\t<\/div>\n\t\t\t\t\t<\/div>\n\t\t\t\t<\/div>\n\t\t\t\t<\/div>","protected":false},"excerpt":{"rendered":"<p>CARTOGRAPHIE En interrogeant la notion de \u00abmontagne\u00bb comme immensit\u00e9 naturelle et territoire humanis\u00e9, C\u00e9line a captur\u00e9 l&rsquo;\u00e9ph\u00e9m\u00e8re des \u00e9motions face au paysage et la permanence des interventions humaines. Elle incorpore dans des bas-reliefs de lignes m\u00eal\u00e9es les mutations de notre environnement De l&rsquo;1nf1nie lenteur aux changements abrupts, les rythmes de l&rsquo;\u00e9volution prennent corps dans une [&hellip;]<\/p>\n","protected":false},"author":1,"featured_media":0,"parent":0,"menu_order":0,"comment_status":"closed","ping_status":"closed","template":"","meta":{"footnotes":""},"class_list":["post-476","page","type-page","status-publish","hentry"],"_links":{"self":[{"href":"https:\/\/celinecamilleri.art\/en\/wp-json\/wp\/v2\/pages\/476","targetHints":{"allow":["GET"]}}],"collection":[{"href":"https:\/\/celinecamilleri.art\/en\/wp-json\/wp\/v2\/pages"}],"about":[{"href":"https:\/\/celinecamilleri.art\/en\/wp-json\/wp\/v2\/types\/page"}],"author":[{"embeddable":true,"href":"https:\/\/celinecamilleri.art\/en\/wp-json\/wp\/v2\/users\/1"}],"replies":[{"embeddable":true,"href":"https:\/\/celinecamilleri.art\/en\/wp-json\/wp\/v2\/comments?post=476"}],"version-history":[{"count":22,"href":"https:\/\/celinecamilleri.art\/en\/wp-json\/wp\/v2\/pages\/476\/revisions"}],"predecessor-version":[{"id":866,"href":"https:\/\/celinecamilleri.art\/en\/wp-json\/wp\/v2\/pages\/476\/revisions\/866"}],"wp:attachment":[{"href":"https:\/\/celinecamilleri.art\/en\/wp-json\/wp\/v2\/media?parent=476"}],"curies":[{"name":"wp","href":"https:\/\/api.w.org\/{rel}","templated":true}]}}