{"id":3,"date":"2025-03-04T19:09:50","date_gmt":"2025-03-04T18:09:50","guid":{"rendered":"https:\/\/celinecamilleri.art\/?page_id=3"},"modified":"2025-03-10T19:14:57","modified_gmt":"2025-03-10T18:14:57","slug":"mentions-legales","status":"publish","type":"page","link":"https:\/\/celinecamilleri.art\/en\/mentions-legales\/","title":{"rendered":"Mentions L\u00e9gales"},"content":{"rendered":"<div data-elementor-type=\"wp-page\" data-elementor-id=\"3\" class=\"elementor elementor-3\">\n\t\t\t\t<div class=\"elementor-element elementor-element-4d984179 e-con-full e-flex e-con e-parent\" data-id=\"4d984179\" data-element_type=\"container\" data-e-type=\"container\">\n\t\t\t\t<div class=\"elementor-element elementor-element-1236495 elementor-widget elementor-widget-heading\" data-id=\"1236495\" data-element_type=\"widget\" data-e-type=\"widget\" data-widget_type=\"heading.default\">\n\t\t\t\t<div class=\"elementor-widget-container\">\n\t\t\t\t\t<h1 class=\"elementor-heading-title elementor-size-default\">Legal notices<\/h1>\t\t\t\t<\/div>\n\t\t\t\t<\/div>\n\t\t\t\t<div class=\"elementor-element elementor-element-56b39acd elementor-widget elementor-widget-text-editor\" data-id=\"56b39acd\" data-element_type=\"widget\" data-e-type=\"widget\" data-widget_type=\"text-editor.default\">\n\t\t\t\t<div class=\"elementor-widget-container\">\n\t\t\t\t\t\t\t\t\t\n<h2 class=\"section-comp__subtitle wp-block-heading\">Propri\u00e9taire \/ \u00c9diteur du site<\/h2>\n\n<p>C\u00e9line CAMILLERI &#8211; Saint-Angel (63) &#8211; FRANCE<\/p>\n\n<h2 class=\"section-comp__subtitle wp-block-heading\">H\u00e9bergeur<\/h2>\n\n<p>OVH SAS &#8211; <span class=\"BxUVEf ILfuVd\" lang=\"fr\"><span class=\"hgKElc\">2, rue Kellermann, 59100 Roubaix. <br \/><\/span><\/span><span class=\"BxUVEf ILfuVd\" lang=\"fr\"><span class=\"hgKElc\">RCS de Lille : 537 407 926<\/span><\/span><\/p>\n\n<h2 class=\"section-comp__subtitle wp-block-heading\">Conditions d&rsquo;utilisation<\/h2>\n\n<p>Le site celinecamilleri.art est propos\u00e9 en diff\u00e9rents langages web (HTML, CSS, Javascript etc&#8230;) pour un meilleur confort d&rsquo;utilisation et un graphisme plus agr\u00e9able, nous vous recommandons de recourir \u00e0 des navigateurs modernes comme Google Chrome, Safari, Firefox, Edge etc&#8230;<\/p>\n<p>C\u00e9line Camilleri met en \u0153uvre tous les moyens dont elle dispose, pour assurer une information fiable et une mise \u00e0 jour fiable de son site internet. Toutefois, des erreurs ou omissions peuvent survenir. L&rsquo;internaute devra donc s&rsquo;assurer de l&rsquo;exactitude des informations aupr\u00e8s d&rsquo;elle, et signaler toutes modifications du site qu&rsquo;il jugerait utile. C\u00e9line Camilleri n&rsquo;est en aucun cas responsable de l&rsquo;utilisation faite de ces informations, et de tout pr\u00e9judice direct ou indirect pouvant en d\u00e9couler.<\/p>\n\n<h2 class=\"section-comp__subtitle wp-block-heading\">Liens hypertextes<\/h2>\n<p>Les sites internet peuvent offrir des liens vers d&rsquo;autres sites internet ou d&rsquo;autres ressources disponibles sur Internet. C\u00e9line Camilleri ne dispose d&rsquo;aucun moyen pour contr\u00f4ler les sites en connexion avec son site internet et ne r\u00e9pond pas de la disponibilit\u00e9 de tels sites et sources externes, ni ne la garantit. Elle ne peut \u00eatre tenue pour responsable de tout dommage, de quelque nature que ce soit, r\u00e9sultant du contenu de ces sites ou sources externes, et notamment des informations, produits ou services qu&rsquo;ils proposent, ou de tout usage qui peut \u00eatre fait de ces \u00e9l\u00e9ments. Les risques li\u00e9s \u00e0 cette utilisation incombent pleinement \u00e0 l&rsquo;internaute, qui doit se conformer \u00e0 leurs conditions d&rsquo;utilisation.<\/p>\n<p>Les utilisateurs ne peuvent pas mettre en place un hyperlien en direction de ce site sans l&rsquo;autorisation expresse et pr\u00e9alable de C\u00e9line Camilleri. Dans l&rsquo;hypoth\u00e8se o\u00f9 un utilisateur ou visiteur souhaiterait mettre en place un hyperlien en direction du site celinecamilleri.art, il lui appartiendra d&rsquo;adresser un email accessible sur le site afin de formuler sa demande de mise en place d&rsquo;un hyperlien. C\u00e9line Camilleri se r\u00e9serve le droit d&rsquo;accepter ou de refuser un hyperlien sans avoir \u00e0 en justifier sa d\u00e9cision.<\/p>\n\n<h2 class=\"section-comp__subtitle wp-block-heading\">Propri\u00e9t\u00e9 intellectuelle<\/h2>\n\n<p>Tout le contenu du pr\u00e9sent site celinecamilleri.art, incluant, de fa\u00e7on non limitative, les graphismes, images, textes, vid\u00e9os, animations, logos, gifs et ic\u00f4nes ainsi que leur mise en forme sont la propri\u00e9t\u00e9 exclusive de C\u00e9line Camilleri, \u00e0 l&rsquo;exception des marques, logos ou contenus appartenant \u00e0 d&rsquo;autres soci\u00e9t\u00e9s partenaires, auteurs ou clients.<\/p>\n<p>Toute reproduction, distribution, modification, adaptation, retransmission ou publication, m\u00eame partielle, de ces diff\u00e9rents \u00e9l\u00e9ments est strictement interdite sans l&rsquo;accord expr\u00e8s par \u00e9crit de C\u00e9line Camilleri. Cette repr\u00e9sentation ou reproduction, par quelque proc\u00e9d\u00e9 que ce soit, constitue une contrefa\u00e7on sanctionn\u00e9e par les articles L.335-2 et suivants du Code de la propri\u00e9t\u00e9 intellectuelle. Le non-respect de cette interdiction constitue une contrefa\u00e7on pouvant engager la responsabilit\u00e9 civile et p\u00e9nale du contrefacteur. En outre, les propri\u00e9taires des contenus copi\u00e9s pourraient intenter une action en justice \u00e0 votre encontre.<\/p>\n\n<h2 class=\"section-comp__subtitle wp-block-heading\">Donn\u00e9es personnelles<\/h2>\n<p>De mani\u00e8re g\u00e9n\u00e9rale, vous n&rsquo;\u00eates pas tenu de communiquer vos donn\u00e9es personnelles lorsque vous visitez le site Internet celinecamilleri.art<\/p>\n<p>Certaines informations vous concernant peuvent \u00eatre collect\u00e9es de mani\u00e8re automatique lors d&rsquo;une simple navigation sur le site Internet, notamment : des informations concernant l&rsquo;utilisation du site, comme les zones que vous visitez et les services auxquels vous acc\u00e9dez, votre adresse IP, le type de votre navigateur, vos temps d&rsquo;acc\u00e8s.<\/p>\n<p>De telles informations sont utilis\u00e9es exclusivement \u00e0 des fins de statistiques internes, de mani\u00e8re \u00e0 am\u00e9liorer la qualit\u00e9 des services qui vous sont propos\u00e9s. Les bases de donn\u00e9es sont prot\u00e9g\u00e9es par les dispositions de la loi du 1er juillet 1998 transposant la directive 96\/9 du 11 mars 1996 relative \u00e0 la protection juridique des bases de donn\u00e9es.<\/p>\n\n<p>\u00a0<\/p>\t\t\t\t\t\t\t\t<\/div>\n\t\t\t\t<\/div>\n\t\t\t\t<\/div>\n\t\t\t\t<\/div>","protected":false},"excerpt":{"rendered":"<p>Mentions l\u00e9gales Propri\u00e9taire \/ \u00c9diteur du site C\u00e9line CAMILLERI &#8211; Saint-Angel (63) &#8211; FRANCE H\u00e9bergeur OVH SAS &#8211; 2, rue Kellermann, 59100 Roubaix. RCS de Lille : 537 407 926 Conditions d&rsquo;utilisation Le site celinecamilleri.art est propos\u00e9 en diff\u00e9rents langages web (HTML, CSS, Javascript etc&#8230;) pour un meilleur confort d&rsquo;utilisation et un graphisme plus agr\u00e9able, [&hellip;]<\/p>\n","protected":false},"author":1,"featured_media":0,"parent":0,"menu_order":0,"comment_status":"closed","ping_status":"closed","template":"","meta":{"footnotes":""},"class_list":["post-3","page","type-page","status-publish","hentry"],"_links":{"self":[{"href":"https:\/\/celinecamilleri.art\/en\/wp-json\/wp\/v2\/pages\/3","targetHints":{"allow":["GET"]}}],"collection":[{"href":"https:\/\/celinecamilleri.art\/en\/wp-json\/wp\/v2\/pages"}],"about":[{"href":"https:\/\/celinecamilleri.art\/en\/wp-json\/wp\/v2\/types\/page"}],"author":[{"embeddable":true,"href":"https:\/\/celinecamilleri.art\/en\/wp-json\/wp\/v2\/users\/1"}],"replies":[{"embeddable":true,"href":"https:\/\/celinecamilleri.art\/en\/wp-json\/wp\/v2\/comments?post=3"}],"version-history":[{"count":22,"href":"https:\/\/celinecamilleri.art\/en\/wp-json\/wp\/v2\/pages\/3\/revisions"}],"predecessor-version":[{"id":436,"href":"https:\/\/celinecamilleri.art\/en\/wp-json\/wp\/v2\/pages\/3\/revisions\/436"}],"wp:attachment":[{"href":"https:\/\/celinecamilleri.art\/en\/wp-json\/wp\/v2\/media?parent=3"}],"curies":[{"name":"wp","href":"https:\/\/api.w.org\/{rel}","templated":true}]}}