{"id":252,"date":"2025-03-08T12:14:58","date_gmt":"2025-03-08T11:14:58","guid":{"rendered":"https:\/\/celinecamilleri.art\/?page_id=252"},"modified":"2025-03-19T20:31:09","modified_gmt":"2025-03-19T19:31:09","slug":"poursuivre-alice","status":"publish","type":"page","link":"https:\/\/celinecamilleri.art\/en\/poursuivre-alice\/","title":{"rendered":"Poursuivre Alice"},"content":{"rendered":"<div data-elementor-type=\"wp-page\" data-elementor-id=\"252\" class=\"elementor elementor-252\">\n\t\t\t\t<div class=\"elementor-element elementor-element-e1c5aa4 e-flex e-con-boxed e-con e-parent\" data-id=\"e1c5aa4\" data-element_type=\"container\" data-e-type=\"container\">\n\t\t\t\t\t<div class=\"e-con-inner\">\n\t\t<div class=\"elementor-element elementor-element-40ab803 e-con-full e-flex e-con e-child\" data-id=\"40ab803\" data-element_type=\"container\" data-e-type=\"container\">\n\t\t\t\t<div class=\"elementor-element elementor-element-dbe71e9 elementor-widget elementor-widget-heading\" data-id=\"dbe71e9\" data-element_type=\"widget\" data-e-type=\"widget\" data-widget_type=\"heading.default\">\n\t\t\t\t<div class=\"elementor-widget-container\">\n\t\t\t\t\t<h1 class=\"elementor-heading-title elementor-size-default\">CHASING ALICE<\/h1>\t\t\t\t<\/div>\n\t\t\t\t<\/div>\n\t\t\t\t<div class=\"elementor-element elementor-element-5ac5a89 elementor-widget elementor-widget-text-editor\" data-id=\"5ac5a89\" data-element_type=\"widget\" data-e-type=\"widget\" data-widget_type=\"text-editor.default\">\n\t\t\t\t<div class=\"elementor-widget-container\">\n\t\t\t\t\t\t\t\t\t<p>C\u00e9line Camilleri immerses us in a fantastical universe where lush, untamed nature reclaims its place. With a powerful surge of freedom, she transports us to Alice\u2019s wonderland, captivating from afar with the magnetism of her lines and colors and drawing us closer with its intensity.\nHer soft, enveloping woolen flora radiates a contagious joy, while streams of insolent vines carve infinite, winding paths. <br \/>This installation, modular and adaptable, can be scaled or integrated into various spaces, bringing a strong narrative and poetic dimension to its surroundings.<\/p><p><em>For any artistic installation, pricing is available upon request and tailored to the specific project.<\/em><\/p>\t\t\t\t\t\t\t\t<\/div>\n\t\t\t\t<\/div>\n\t\t\t\t<\/div>\n\t\t\t\t\t<\/div>\n\t\t\t\t<\/div>\n\t\t<div class=\"elementor-element elementor-element-66a1acc e-flex e-con-boxed e-con e-parent\" data-id=\"66a1acc\" data-element_type=\"container\" data-e-type=\"container\">\n\t\t\t\t\t<div class=\"e-con-inner\">\n\t\t<div class=\"elementor-element elementor-element-c5eaf1f e-con-full e-flex e-con e-child\" data-id=\"c5eaf1f\" data-element_type=\"container\" data-e-type=\"container\" data-settings=\"{&quot;background_background&quot;:&quot;classic&quot;}\">\n\t\t\t\t<div class=\"elementor-element elementor-element-6bc4b0b elementor-widget elementor-widget-text-editor\" data-id=\"6bc4b0b\" data-element_type=\"widget\" data-e-type=\"widget\" data-widget_type=\"text-editor.default\">\n\t\t\t\t<div class=\"elementor-widget-container\">\n\t\t\t\t\t\t\t\t\t<p><strong>Chasing Alice <br \/>January 2025<br \/>Maison&amp;Objet Show<\/strong><\/p><p>400 x 500 x 50 cm, wool and metal wire<\/p>\t\t\t\t\t\t\t\t<\/div>\n\t\t\t\t<\/div>\n\t\t\t\t<div class=\"elementor-element elementor-element-702462e elementor-widget elementor-widget-image\" data-id=\"702462e\" data-element_type=\"widget\" data-e-type=\"widget\" data-widget_type=\"image.default\">\n\t\t\t\t<div class=\"elementor-widget-container\">\n\t\t\t\t\t\t\t\t\t\t\t\t\t\t\t<img fetchpriority=\"high\" decoding=\"async\" width=\"1024\" height=\"1280\" src=\"https:\/\/celinecamilleri.art\/wp-content\/uploads\/poursuivre-alice-celine-camilleri.jpg\" class=\"attachment-1536x1536 size-1536x1536 wp-image-299\" alt=\"Poursuivre Alice - C\u00e9line Camilleri\" srcset=\"https:\/\/celinecamilleri.art\/wp-content\/uploads\/poursuivre-alice-celine-camilleri.jpg 1024w, https:\/\/celinecamilleri.art\/wp-content\/uploads\/poursuivre-alice-celine-camilleri-240x300.jpg 240w, https:\/\/celinecamilleri.art\/wp-content\/uploads\/poursuivre-alice-celine-camilleri-819x1024.jpg 819w, https:\/\/celinecamilleri.art\/wp-content\/uploads\/poursuivre-alice-celine-camilleri-768x960.jpg 768w\" sizes=\"(max-width: 1024px) 100vw, 1024px\" \/>\t\t\t\t\t\t\t\t\t\t\t\t\t\t\t<\/div>\n\t\t\t\t<\/div>\n\t\t\t\t<\/div>\n\t\t<div class=\"elementor-element elementor-element-d051b83 e-con-full e-flex e-con e-child\" data-id=\"d051b83\" data-element_type=\"container\" data-e-type=\"container\" data-settings=\"{&quot;background_background&quot;:&quot;classic&quot;}\">\n\t\t\t\t<div class=\"elementor-element elementor-element-6b3b90a elementor-widget elementor-widget-image\" data-id=\"6b3b90a\" data-element_type=\"widget\" data-e-type=\"widget\" data-widget_type=\"image.default\">\n\t\t\t\t<div class=\"elementor-widget-container\">\n\t\t\t\t\t\t\t\t\t\t\t\t\t\t\t<img decoding=\"async\" width=\"1024\" height=\"1280\" src=\"https:\/\/celinecamilleri.art\/wp-content\/uploads\/poursuivre-alice-celine-camilleri-02.jpg\" class=\"attachment-1536x1536 size-1536x1536 wp-image-344\" alt=\"Poursuivre Alice - C\u00e9line Camilleri\" srcset=\"https:\/\/celinecamilleri.art\/wp-content\/uploads\/poursuivre-alice-celine-camilleri-02.jpg 1024w, https:\/\/celinecamilleri.art\/wp-content\/uploads\/poursuivre-alice-celine-camilleri-02-240x300.jpg 240w, https:\/\/celinecamilleri.art\/wp-content\/uploads\/poursuivre-alice-celine-camilleri-02-819x1024.jpg 819w, https:\/\/celinecamilleri.art\/wp-content\/uploads\/poursuivre-alice-celine-camilleri-02-768x960.jpg 768w\" sizes=\"(max-width: 1024px) 100vw, 1024px\" \/>\t\t\t\t\t\t\t\t\t\t\t\t\t\t\t<\/div>\n\t\t\t\t<\/div>\n\t\t\t\t<\/div>\n\t\t<div class=\"elementor-element elementor-element-7d13aff e-con-full e-flex e-con e-child\" data-id=\"7d13aff\" data-element_type=\"container\" data-e-type=\"container\" data-settings=\"{&quot;background_background&quot;:&quot;classic&quot;}\">\n\t\t\t\t<div class=\"elementor-element elementor-element-be348bf elementor-widget elementor-widget-image\" data-id=\"be348bf\" data-element_type=\"widget\" data-e-type=\"widget\" data-widget_type=\"image.default\">\n\t\t\t\t<div class=\"elementor-widget-container\">\n\t\t\t\t\t\t\t\t\t\t\t\t\t\t\t<img decoding=\"async\" width=\"1024\" height=\"1280\" src=\"https:\/\/celinecamilleri.art\/wp-content\/uploads\/poursuivre-alice-celine-camilleri-03.jpg\" class=\"attachment-1536x1536 size-1536x1536 wp-image-813\" alt=\"Poursuivre Alice\" srcset=\"https:\/\/celinecamilleri.art\/wp-content\/uploads\/poursuivre-alice-celine-camilleri-03.jpg 1024w, https:\/\/celinecamilleri.art\/wp-content\/uploads\/poursuivre-alice-celine-camilleri-03-240x300.jpg 240w, https:\/\/celinecamilleri.art\/wp-content\/uploads\/poursuivre-alice-celine-camilleri-03-819x1024.jpg 819w, https:\/\/celinecamilleri.art\/wp-content\/uploads\/poursuivre-alice-celine-camilleri-03-768x960.jpg 768w\" sizes=\"(max-width: 1024px) 100vw, 1024px\" \/>\t\t\t\t\t\t\t\t\t\t\t\t\t\t\t<\/div>\n\t\t\t\t<\/div>\n\t\t\t\t<\/div>\n\t\t\t\t\t<\/div>\n\t\t\t\t<\/div>\n\t\t\t\t<\/div>","protected":false},"excerpt":{"rendered":"<p>POURSUIVRE ALICE C\u00e9line nous attire ici dans un monde fantastique o\u00f9 la nature expansive, envahissante, reprend ses droits. Elle nous emporte au pays d\u2019Alice avec un puissant \u00e9lan de libert\u00e9. Le magn\u00e9tisme des traits et de la couleur attirent de loin, hypnotise de pr\u00e8s. La flore de laine accueille avec douceur et nous enveloppe d\u2019une [&hellip;]<\/p>\n","protected":false},"author":1,"featured_media":0,"parent":0,"menu_order":0,"comment_status":"closed","ping_status":"closed","template":"","meta":{"footnotes":""},"class_list":["post-252","page","type-page","status-publish","hentry"],"_links":{"self":[{"href":"https:\/\/celinecamilleri.art\/en\/wp-json\/wp\/v2\/pages\/252","targetHints":{"allow":["GET"]}}],"collection":[{"href":"https:\/\/celinecamilleri.art\/en\/wp-json\/wp\/v2\/pages"}],"about":[{"href":"https:\/\/celinecamilleri.art\/en\/wp-json\/wp\/v2\/types\/page"}],"author":[{"embeddable":true,"href":"https:\/\/celinecamilleri.art\/en\/wp-json\/wp\/v2\/users\/1"}],"replies":[{"embeddable":true,"href":"https:\/\/celinecamilleri.art\/en\/wp-json\/wp\/v2\/comments?post=252"}],"version-history":[{"count":108,"href":"https:\/\/celinecamilleri.art\/en\/wp-json\/wp\/v2\/pages\/252\/revisions"}],"predecessor-version":[{"id":816,"href":"https:\/\/celinecamilleri.art\/en\/wp-json\/wp\/v2\/pages\/252\/revisions\/816"}],"wp:attachment":[{"href":"https:\/\/celinecamilleri.art\/en\/wp-json\/wp\/v2\/media?parent=252"}],"curies":[{"name":"wp","href":"https:\/\/api.w.org\/{rel}","templated":true}]}}